{"id":17,"date":"2021-10-18T22:08:15","date_gmt":"2021-10-18T20:08:15","guid":{"rendered":"https:\/\/latabledamelie.be\/?page_id=17"},"modified":"2024-05-17T14:46:49","modified_gmt":"2024-05-17T12:46:49","slug":"les-brunchs-damelie","status":"publish","type":"page","link":"https:\/\/latabledamelie.be\/fr_fr\/les-brunchs-damelie\/","title":{"rendered":"Les brunchs d&rsquo;Am\u00e9lie"},"content":{"rendered":"<p>[et_pb_section fb_built=\u00a0\u00bb1&Prime; fullwidth=\u00a0\u00bbon\u00a0\u00bb _builder_version=\u00a0\u00bb4.16&Prime; _module_preset=\u00a0\u00bbdefault\u00a0\u00bb global_colors_info=\u00a0\u00bb{}\u00a0\u00bb][et_pb_fullwidth_image title_text=\u00a0\u00bbbrunch1&Prime; _builder_version=\u00a0\u00bb4.16&Prime; _module_preset=\u00a0\u00bbdefault\u00a0\u00bb global_colors_info=\u00a0\u00bb{}\u00a0\u00bb][\/et_pb_fullwidth_image][\/et_pb_section][et_pb_section fb_built=\u00a0\u00bb1&Prime; _builder_version=\u00a0\u00bb4.16&Prime; _module_preset=\u00a0\u00bbdefault\u00a0\u00bb background_enable_color=\u00a0\u00bboff\u00a0\u00bb background_image=\u00a0\u00bbhttps:\/\/latabledamelie.be\/wp-content\/uploads\/2022\/03\/2021-11-28-La-Table-d_Ame\u0301lie-741_RS.jpg\u00a0\u00bb background_blend=\u00a0\u00bbmultiply\u00a0\u00bb height=\u00a0\u00bb400px\u00a0\u00bb global_colors_info=\u00a0\u00bb{%22gcid-b70b294a-e689-4d66-9c36-fb66723b4494%22:%91%22background_color%22%93}\u00a0\u00bb][\/et_pb_section][et_pb_section fb_built=\u00a0\u00bb1&Prime; _builder_version=\u00a0\u00bb4.16&Prime; _module_preset=\u00a0\u00bbdefault\u00a0\u00bb background_color=\u00a0\u00bbgcid-76e554d1-4a2d-4bd7-bf55-9a3108239d60&Prime; global_colors_info=\u00a0\u00bb{%22gcid-76e554d1-4a2d-4bd7-bf55-9a3108239d60%22:%91%22background_color%22%93}\u00a0\u00bb][et_pb_row _builder_version=\u00a0\u00bb4.16&Prime; _module_preset=\u00a0\u00bbdefault\u00a0\u00bb global_colors_info=\u00a0\u00bb{}\u00a0\u00bb][et_pb_column type=\u00a0\u00bb4_4&Prime; _builder_version=\u00a0\u00bb4.16&Prime; _module_preset=\u00a0\u00bbdefault\u00a0\u00bb global_colors_info=\u00a0\u00bb{}\u00a0\u00bb][et_pb_text _builder_version=\u00a0\u00bb4.24.2&Prime; _module_preset=\u00a0\u00bbdefault\u00a0\u00bb text_font_size=\u00a0\u00bb15px\u00a0\u00bb text_line_height=\u00a0\u00bb1.8em\u00a0\u00bb header_text_align=\u00a0\u00bbcenter\u00a0\u00bb header_text_color=\u00a0\u00bbgcid-630f3cf0-04e7-4a6b-b2c0-36e50c583d59&Prime; text_orientation=\u00a0\u00bbcenter\u00a0\u00bb custom_margin=\u00a0\u00bb0px||||false|false\u00a0\u00bb custom_padding=\u00a0\u00bb0px|||0px|false|false\u00a0\u00bb global_colors_info=\u00a0\u00bb{%22gcid-630f3cf0-04e7-4a6b-b2c0-36e50c583d59%22:%91%22header_text_color%22%93}\u00a0\u00bb]<\/p>\n<h1>LES BRUNCHS D&rsquo;AMELIE<\/h1>\n<div class=\"xdj266r x11i5rnm xat24cr x1mh8g0r x1vvkbs x126k92a\"><\/div>\n<div class=\"xdj266r x11i5rnm xat24cr x1mh8g0r x1vvkbs x126k92a\">Depuis toujours, je voue une r\u00e9elle passion pour les brunchs.<\/div>\n<div class=\"xdj266r x11i5rnm xat24cr x1mh8g0r x1vvkbs x126k92a\"><\/div>\n<div class=\"x11i5rnm xat24cr x1mh8g0r x1vvkbs xtlvy1s x126k92a\">Ce moment hors du temps o\u00f9 tu profites pleinement de l&rsquo;instant pr\u00e9sent avec tes proches, en d\u00e9gustant des d\u00e9licieux produits pr\u00e9par\u00e9s avec amour.<\/div>\n<div class=\"x11i5rnm xat24cr x1mh8g0r x1vvkbs xtlvy1s x126k92a\"><\/div>\n<div class=\"x11i5rnm xat24cr x1mh8g0r x1vvkbs xtlvy1s x126k92a\">C&rsquo;est ce que je te propose certains dimanches, <strong>soit en formule \u00ab\u00a0to go\u00a0\u00bb<\/strong>, \u00e0 d\u00e9guster en mode cocooning chez vous, <strong>soit en formule \u00ab\u00a0resto \u00e9ph\u00e9m\u00e8re\u00a0\u00bb,<\/strong> dans un cadre insolite, mais toujours dans une ambiance super conviviale, o\u00f9 tu auras envie de rester toute l&rsquo;aprem!<\/div>\n<div class=\"x11i5rnm xat24cr x1mh8g0r x1vvkbs xtlvy1s x126k92a\"><\/div>\n<div class=\"x11i5rnm xat24cr x1mh8g0r x1vvkbs xtlvy1s x126k92a\"><strong>Abonne-toi \u00e0 la newsletter pour \u00eatre au courant des prochaines dates!<\/strong><\/div>\n<p>[\/et_pb_text][\/et_pb_column][\/et_pb_row][\/et_pb_section][et_pb_section fb_built=\u00a0\u00bb1&Prime; _builder_version=\u00a0\u00bb4.16&Prime; _module_preset=\u00a0\u00bbdefault\u00a0\u00bb global_colors_info=\u00a0\u00bb{}\u00a0\u00bb][et_pb_row _builder_version=\u00a0\u00bb4.17.0&Prime; _module_preset=\u00a0\u00bbdefault\u00a0\u00bb custom_margin=\u00a0\u00bb0px||0px||true|false\u00a0\u00bb custom_padding=\u00a0\u00bb0px||0px||true|false\u00a0\u00bb global_colors_info=\u00a0\u00bb{}\u00a0\u00bb][et_pb_column type=\u00a0\u00bb4_4&Prime; _builder_version=\u00a0\u00bb4.17.0&Prime; _module_preset=\u00a0\u00bbdefault\u00a0\u00bb global_colors_info=\u00a0\u00bb{}\u00a0\u00bb][et_pb_wc_cart_notice _builder_version=\u00a0\u00bb4.17.0&Prime; _module_preset=\u00a0\u00bbdefault\u00a0\u00bb global_colors_info=\u00a0\u00bb{}\u00a0\u00bb][\/et_pb_wc_cart_notice][\/et_pb_column][\/et_pb_row][et_pb_row column_structure=\u00a0\u00bb1_2,1_2&Prime; _builder_version=\u00a0\u00bb4.16&Prime; _module_preset=\u00a0\u00bbdefault\u00a0\u00bb global_colors_info=\u00a0\u00bb{}\u00a0\u00bb][et_pb_column type=\u00a0\u00bb1_2&Prime; _builder_version=\u00a0\u00bb4.16&Prime; _module_preset=\u00a0\u00bbdefault\u00a0\u00bb global_colors_info=\u00a0\u00bb{}\u00a0\u00bb][et_pb_wc_title product=\u00a0\u00bb2932&Prime; _builder_version=\u00a0\u00bb4.25.1&Prime; _module_preset=\u00a0\u00bbdefault\u00a0\u00bb header_text_color=\u00a0\u00bbgcid-630f3cf0-04e7-4a6b-b2c0-36e50c583d59&Prime; hover_enabled=\u00a0\u00bb0&Prime; global_colors_info=\u00a0\u00bb{%22gcid-630f3cf0-04e7-4a6b-b2c0-36e50c583d59%22:%91%22header_text_color%22%93}\u00a0\u00bb sticky_enabled=\u00a0\u00bb0&Prime;][\/et_pb_wc_title][et_pb_wc_description product=\u00a0\u00bb2932&Prime; description_type=\u00a0\u00bbdescription\u00a0\u00bb _builder_version=\u00a0\u00bb4.25.1&Prime; _module_preset=\u00a0\u00bbdefault\u00a0\u00bb hover_enabled=\u00a0\u00bb0&Prime; global_colors_info=\u00a0\u00bb{}\u00a0\u00bb sticky_enabled=\u00a0\u00bb0&Prime;][\/et_pb_wc_description][et_pb_wc_add_to_cart product=\u00a0\u00bb2932&Prime; _builder_version=\u00a0\u00bb4.25.1&Prime; _module_preset=\u00a0\u00bbdefault\u00a0\u00bb hover_enabled=\u00a0\u00bb0&Prime; global_colors_info=\u00a0\u00bb{}\u00a0\u00bb sticky_enabled=\u00a0\u00bb0&Prime;][\/et_pb_wc_add_to_cart][\/et_pb_column][et_pb_column type=\u00a0\u00bb1_2&Prime; _builder_version=\u00a0\u00bb4.16&Prime; _module_preset=\u00a0\u00bbdefault\u00a0\u00bb global_colors_info=\u00a0\u00bb{}\u00a0\u00bb][et_pb_image src=\u00a0\u00bbhttps:\/\/latabledamelie.be\/wp-content\/uploads\/2024\/01\/brunch-overijse-fest-amelie-scaled.jpg\u00a0\u00bb title_text=\u00a0\u00bbbrunch overijse fest amelie\u00a0\u00bb _builder_version=\u00a0\u00bb4.24.2&Prime; _module_preset=\u00a0\u00bbdefault\u00a0\u00bb global_colors_info=\u00a0\u00bb{}\u00a0\u00bb][\/et_pb_image][\/et_pb_column][\/et_pb_row][\/et_pb_section][et_pb_section fb_built=\u00a0\u00bb1&Prime; _builder_version=\u00a0\u00bb4.16&Prime; _module_preset=\u00a0\u00bbdefault\u00a0\u00bb background_color=\u00a0\u00bbgcid-76e554d1-4a2d-4bd7-bf55-9a3108239d60&Prime; global_colors_info=\u00a0\u00bb{%22gcid-76e554d1-4a2d-4bd7-bf55-9a3108239d60%22:%91%22background_color%22%93}\u00a0\u00bb][et_pb_row column_structure=\u00a0\u00bb1_2,1_2&Prime; _builder_version=\u00a0\u00bb4.16&Prime; _module_preset=\u00a0\u00bbdefault\u00a0\u00bb global_colors_info=\u00a0\u00bb{}\u00a0\u00bb][et_pb_column type=\u00a0\u00bb1_2&Prime; _builder_version=\u00a0\u00bb4.16&Prime; _module_preset=\u00a0\u00bbdefault\u00a0\u00bb global_colors_info=\u00a0\u00bb{}\u00a0\u00bb][et_pb_text _builder_version=\u00a0\u00bb4.16&Prime; _module_preset=\u00a0\u00bbdefault\u00a0\u00bb header_text_color=\u00a0\u00bbgcid-630f3cf0-04e7-4a6b-b2c0-36e50c583d59&Prime; global_colors_info=\u00a0\u00bb{%22gcid-630f3cf0-04e7-4a6b-b2c0-36e50c583d59%22:%91%22header_text_color%22%93}\u00a0\u00bb]<\/p>\n<h1>Prochains brunchs<\/h1>\n<p>[\/et_pb_text][\/et_pb_column][et_pb_column type=\u00a0\u00bb1_2&Prime; _builder_version=\u00a0\u00bb4.16&Prime; _module_preset=\u00a0\u00bbdefault\u00a0\u00bb global_colors_info=\u00a0\u00bb{}\u00a0\u00bb][\/et_pb_column][\/et_pb_row][et_pb_row _builder_version=\u00a0\u00bb4.24.0&Prime; _module_preset=\u00a0\u00bbdefault\u00a0\u00bb global_colors_info=\u00a0\u00bb{}\u00a0\u00bb][et_pb_column type=\u00a0\u00bb4_4&Prime; _builder_version=\u00a0\u00bb4.16&Prime; _module_preset=\u00a0\u00bbdefault\u00a0\u00bb global_colors_info=\u00a0\u00bb{}\u00a0\u00bb][et_pb_shop type=\u00a0\u00bbproduct_category\u00a0\u00bb posts_number=\u00a0\u00bb5&Prime; include_categories=\u00a0\u00bb18&Prime; orderby=\u00a0\u00bbdate-desc\u00a0\u00bb show_price=\u00a0\u00bboff\u00a0\u00bb show_rating=\u00a0\u00bboff\u00a0\u00bb _builder_version=\u00a0\u00bb4.24.0&Prime; _module_preset=\u00a0\u00bbdefault\u00a0\u00bb global_colors_info=\u00a0\u00bb{}\u00a0\u00bb][\/et_pb_shop][\/et_pb_column][\/et_pb_row][\/et_pb_section][et_pb_section fb_built=\u00a0\u00bb1&Prime; fullwidth=\u00a0\u00bbon\u00a0\u00bb _builder_version=\u00a0\u00bb4.16&Prime; _module_preset=\u00a0\u00bbdefault\u00a0\u00bb global_colors_info=\u00a0\u00bb{}\u00a0\u00bb][et_pb_fullwidth_slider _builder_version=\u00a0\u00bb4.16&Prime; _module_preset=\u00a0\u00bbdefault\u00a0\u00bb global_colors_info=\u00a0\u00bb{}\u00a0\u00bb][et_pb_slide _builder_version=\u00a0\u00bb4.16&Prime; _module_preset=\u00a0\u00bbdefault\u00a0\u00bb background_enable_color=\u00a0\u00bboff\u00a0\u00bb background_image=\u00a0\u00bbhttps:\/\/latabledamelie.be\/wp-content\/uploads\/2022\/03\/2021-12-04-La-Table-d_Ame\u0301lie-256_RS.jpg\u00a0\u00bb background_enable_image=\u00a0\u00bbon\u00a0\u00bb global_colors_info=\u00a0\u00bb{}\u00a0\u00bb sticky_transition=\u00a0\u00bbon\u00a0\u00bb][\/et_pb_slide][\/et_pb_fullwidth_slider][\/et_pb_section][et_pb_section fb_built=\u00a0\u00bb1&Prime; _builder_version=\u00a0\u00bb4.16&Prime; _module_preset=\u00a0\u00bbdefault\u00a0\u00bb background_color=\u00a0\u00bbgcid-76e554d1-4a2d-4bd7-bf55-9a3108239d60&Prime; global_colors_info=\u00a0\u00bb{%22gcid-76e554d1-4a2d-4bd7-bf55-9a3108239d60%22:%91%22background_color%22%93}\u00a0\u00bb][et_pb_row column_structure=\u00a0\u00bb1_3,2_3&Prime; _builder_version=\u00a0\u00bb4.16&Prime; _module_preset=\u00a0\u00bbdefault\u00a0\u00bb background_enable_color=\u00a0\u00bboff\u00a0\u00bb global_colors_info=\u00a0\u00bb{%22gcid-ee889639-7f66-4b14-bf30-a8a78f3f027f%22:%91%22background_color%22%93}\u00a0\u00bb][et_pb_column type=\u00a0\u00bb1_3&Prime; _builder_version=\u00a0\u00bb4.16&Prime; _module_preset=\u00a0\u00bbdefault\u00a0\u00bb global_colors_info=\u00a0\u00bb{}\u00a0\u00bb][et_pb_text _builder_version=\u00a0\u00bb4.16&Prime; _module_preset=\u00a0\u00bbdefault\u00a0\u00bb text_font=\u00a0\u00bb|700|||||||\u00a0\u00bb text_text_color=\u00a0\u00bb#FFFFFF\u00a0\u00bb text_font_size=\u00a0\u00bb18px\u00a0\u00bb background_color=\u00a0\u00bbrgba(140,140,140,0.53)\u00a0\u00bb background_image=\u00a0\u00bbhttps:\/\/latabledamelie.be\/wp-content\/uploads\/2022\/03\/2021-11-28-La-Table-dAme\u0301lie-283_RS.jpg\u00a0\u00bb background_blend=\u00a0\u00bbmultiply\u00a0\u00bb text_orientation=\u00a0\u00bbcenter\u00a0\u00bb background_layout=\u00a0\u00bbdark\u00a0\u00bb width=\u00a0\u00bb250px\u00a0\u00bb module_alignment=\u00a0\u00bbcenter\u00a0\u00bb height=\u00a0\u00bb250px\u00a0\u00bb custom_padding=\u00a0\u00bb80px||||false|false\u00a0\u00bb border_radii=\u00a0\u00bbon|100%|100%|100%|100%\u00a0\u00bb global_colors_info=\u00a0\u00bb{}\u00a0\u00bb][\/et_pb_text][\/et_pb_column][et_pb_column type=\u00a0\u00bb2_3&Prime; _builder_version=\u00a0\u00bb4.16&Prime; _module_preset=\u00a0\u00bbdefault\u00a0\u00bb global_colors_info=\u00a0\u00bb{}\u00a0\u00bb][et_pb_text _builder_version=\u00a0\u00bb4.16&Prime; _module_preset=\u00a0\u00bbdefault\u00a0\u00bb header_text_color=\u00a0\u00bbgcid-630f3cf0-04e7-4a6b-b2c0-36e50c583d59&Prime; global_colors_info=\u00a0\u00bb{%22gcid-630f3cf0-04e7-4a6b-b2c0-36e50c583d59%22:%91%22header_text_color%22%93}\u00a0\u00bb]<\/p>\n<h1>Une demande particuli\u00e8re?<\/h1>\n<p>[\/et_pb_text][et_pb_text _builder_version=\u00a0\u00bb4.16&Prime; _module_preset=\u00a0\u00bbdefault\u00a0\u00bb global_colors_info=\u00a0\u00bb{}\u00a0\u00bb]<\/p>\n<p>Vous souhaitez organiser un brunch \u00e0 une autre date? A partir de 10 personnes je vous propose un brunch sur mesure, dress\u00e9 dans de jolis plats de service, que vous venez me rendre dans les jours qui suivent. On compose le menu ensemble en fonction de vos envies et de la saison. Je viens vous livrer, faire le service si besoin ou vous venez chercher les plats \u00e0 mon atelier.<\/p>\n<p>N\u2019h\u00e9sitez pas \u00e0 me contacter via ce formulaire ou par t\u00e9l\u00e9phone au 0486\/54.60.17<\/p>\n<p>[\/et_pb_text][et_pb_button button_url=\u00a0\u00bb@ET-DC@eyJkeW5hbWljIjp0cnVlLCJjb250ZW50IjoicG9zdF9saW5rX3VybF9wYWdlIiwic2V0dGluZ3MiOnsicG9zdF9pZCI6Ijg3MCJ9fQ==@\u00a0\u00bb button_text=\u00a0\u00bbContactez-moi\u00a0\u00bb button_alignment=\u00a0\u00bbleft\u00a0\u00bb _builder_version=\u00a0\u00bb4.16.1&Prime; _dynamic_attributes=\u00a0\u00bbbutton_url\u00a0\u00bb _module_preset=\u00a0\u00bbdefault\u00a0\u00bb global_colors_info=\u00a0\u00bb{%22gcid-630f3cf0-04e7-4a6b-b2c0-36e50c583d59%22:%91%22button_text_color%22,%22button_border_color%22%93}\u00a0\u00bb][\/et_pb_button][\/et_pb_column][\/et_pb_row][\/et_pb_section]<\/p>\n","protected":false},"excerpt":{"rendered":"<p>LES BRUNCHS D&rsquo;AMELIE Depuis toujours, je voue une r\u00e9elle passion pour les brunchs. Ce moment hors du temps o\u00f9 tu profites pleinement de l&rsquo;instant pr\u00e9sent avec tes proches, en d\u00e9gustant des d\u00e9licieux produits pr\u00e9par\u00e9s avec amour. C&rsquo;est ce que je te propose certains dimanches, soit en formule \u00ab\u00a0to go\u00a0\u00bb, \u00e0 d\u00e9guster en mode cocooning chez [&hellip;]<\/p>\n","protected":false},"author":1,"featured_media":0,"parent":0,"menu_order":0,"comment_status":"closed","ping_status":"closed","template":"","meta":{"_et_pb_use_builder":"on","_et_pb_old_content":"<!-- wp:divi\/placeholder \/-->","_et_gb_content_width":"","footnotes":""},"class_list":["post-17","page","type-page","status-publish","hentry"],"_links":{"self":[{"href":"https:\/\/latabledamelie.be\/fr_fr\/wp-json\/wp\/v2\/pages\/17","targetHints":{"allow":["GET"]}}],"collection":[{"href":"https:\/\/latabledamelie.be\/fr_fr\/wp-json\/wp\/v2\/pages"}],"about":[{"href":"https:\/\/latabledamelie.be\/fr_fr\/wp-json\/wp\/v2\/types\/page"}],"author":[{"embeddable":true,"href":"https:\/\/latabledamelie.be\/fr_fr\/wp-json\/wp\/v2\/users\/1"}],"replies":[{"embeddable":true,"href":"https:\/\/latabledamelie.be\/fr_fr\/wp-json\/wp\/v2\/comments?post=17"}],"version-history":[{"count":58,"href":"https:\/\/latabledamelie.be\/fr_fr\/wp-json\/wp\/v2\/pages\/17\/revisions"}],"predecessor-version":[{"id":2951,"href":"https:\/\/latabledamelie.be\/fr_fr\/wp-json\/wp\/v2\/pages\/17\/revisions\/2951"}],"wp:attachment":[{"href":"https:\/\/latabledamelie.be\/fr_fr\/wp-json\/wp\/v2\/media?parent=17"}],"curies":[{"name":"wp","href":"https:\/\/api.w.org\/{rel}","templated":true}]}}