{"id":1448,"date":"2023-01-07T22:23:46","date_gmt":"2023-01-07T21:23:46","guid":{"rendered":"https:\/\/latabledamelie.be\/?post_type=product&#038;p=1448"},"modified":"2023-04-17T22:03:33","modified_gmt":"2023-04-17T20:03:33","slug":"dimanche-19-mars-2023","status":"publish","type":"product","link":"https:\/\/latabledamelie.be\/fr_fr\/produit\/dimanche-19-mars-2023\/","title":{"rendered":"Dimanche 19 mars 2023"},"content":{"rendered":"<p><strong>Menu :<\/strong><\/p>\n<p>Gaufre au levain<br \/>\nCaramel au beurre sal\u00e9<br \/>\nCheesecake comme \u00e0 New York<br \/>\nYaourt aux graines de chia, mangue et granola<\/p>\n<p>Shakshuka aux patates douces, f\u00e9ta et oeuf sur le plat<br \/>\nCouscous perl\u00e9, oignons r\u00f4tis, tomates confites<br \/>\nhummus de pois chiches au zaatar<br \/>\nFocaccia \u00e0 l&rsquo;ail frit et au thym<br \/>\nPain au levain<\/p>\n<p>Jus de fruits bio<br \/>\nKombucha<\/p>\n<p>Prix par personne: 30 \u20ac<br \/>\n(conditionnement par portion de 2 ou 3 personnes)<\/p>\n<p>Portion jeunes enfants (uniquement la partie sucr\u00e9e et un jus de fruit): 15 \u20ac\/enfant<\/p>\n<p>NEW: possibilit\u00e9 de commander un brunch avec contenants en verre consign\u00e9s (5 \u20ac de consigne\/panier de 2 pers \u00e0 pr\u00e9voir en plus \u00e0 payer sur place en liquide)<\/p>\n<p>Tout est fait maison et avec des produits de qualit\u00e9, en grande partie issus de l\u2019agriculture bio et\/ou locale<\/p>\n<p><strong>Retrait :<\/strong><br \/>\n\u2013 Overijse (Drogenberg 55A): entre 9h30 et 11h30<br \/>\n\u2013 Rhode-Saint-Gen\u00e8se (Av des Erables 38B): entre 10h et 11h<br \/>\n\u2013 Kraainem (Avenue des Tarins 3A): entre 10h et 11h<br \/>\n\u00c0 commander avant le vendredi midi. (Indiquer le lieu de retrait)<\/p>\n","protected":false},"excerpt":{"rendered":"<p>Menu : Gaufre au levain Caramel au beurre sal\u00e9 Cheesecake comme \u00e0 New York Yaourt aux graines de chia, mangue et granola Shakshuka aux patates douces, f\u00e9ta et oeuf sur le plat Couscous perl\u00e9, oignons r\u00f4tis, tomates confites hummus de pois chiches au zaatar Focaccia \u00e0 l&rsquo;ail frit et au thym Pain au levain Jus [&hellip;]<\/p>\n","protected":false},"featured_media":780,"template":"","meta":{"_et_pb_use_builder":"","_et_pb_old_content":"","_et_gb_content_width":""},"product_brand":[],"product_cat":[18],"product_tag":[],"class_list":{"0":"post-1448","1":"product","2":"type-product","3":"status-publish","4":"has-post-thumbnail","6":"product_cat-brunch-to-go","7":"product_shipping_class-brunch_to_go","9":"first","10":"instock","11":"taxable","12":"shipping-taxable","13":"purchasable","14":"product-type-variable","15":"has-default-attributes"},"_links":{"self":[{"href":"https:\/\/latabledamelie.be\/fr_fr\/wp-json\/wp\/v2\/product\/1448","targetHints":{"allow":["GET"]}}],"collection":[{"href":"https:\/\/latabledamelie.be\/fr_fr\/wp-json\/wp\/v2\/product"}],"about":[{"href":"https:\/\/latabledamelie.be\/fr_fr\/wp-json\/wp\/v2\/types\/product"}],"wp:featuredmedia":[{"embeddable":true,"href":"https:\/\/latabledamelie.be\/fr_fr\/wp-json\/wp\/v2\/media\/780"}],"wp:attachment":[{"href":"https:\/\/latabledamelie.be\/fr_fr\/wp-json\/wp\/v2\/media?parent=1448"}],"wp:term":[{"taxonomy":"product_brand","embeddable":true,"href":"https:\/\/latabledamelie.be\/fr_fr\/wp-json\/wp\/v2\/product_brand?post=1448"},{"taxonomy":"product_cat","embeddable":true,"href":"https:\/\/latabledamelie.be\/fr_fr\/wp-json\/wp\/v2\/product_cat?post=1448"},{"taxonomy":"product_tag","embeddable":true,"href":"https:\/\/latabledamelie.be\/fr_fr\/wp-json\/wp\/v2\/product_tag?post=1448"}],"curies":[{"name":"wp","href":"https:\/\/api.w.org\/{rel}","templated":true}]}}