{"id":1469,"date":"2023-01-07T22:26:23","date_gmt":"2023-01-07T21:26:23","guid":{"rendered":"https:\/\/latabledamelie.be\/?post_type=product&#038;p=1469"},"modified":"2023-06-09T11:07:11","modified_gmt":"2023-06-09T09:07:11","slug":"dimanche-11-juin-2023-fete-des-peres","status":"publish","type":"product","link":"https:\/\/latabledamelie.be\/fr_fr\/produit\/dimanche-11-juin-2023-fete-des-peres\/","title":{"rendered":"Dimanche 11 juin 2023  * F\u00eate des p\u00e8res *"},"content":{"rendered":"<p><strong>Menu :<\/strong><\/p>\n<p>Saumon fum\u00e9 extra doux, persil et citron<br \/>\nBurrata, p\u00eaches r\u00f4ties, cresson, framboises<br \/>\nCouscous perl\u00e9, oignons caram\u00e9lis\u00e9s, tomates confites, et herbes fra\u00eeches<br \/>\nSalade de past\u00e8que, menthe, f\u00e9ta, olives kalamata<\/p>\n<p>Gaufres au levain<br \/>\nChantilly<br \/>\nSalade de fraises<br \/>\nMoelleux au chocolat<br \/>\nPetit pain au levain<\/p>\n<p>Jus de fruits<br \/>\nKombucha<\/p>\n<p>Prix par personne: 30 \u20ac<br \/>\n(conditionnement par portion de 2 ou 3 personnes)<\/p>\n<p>Portion jeunes enfants (uniquement la partie sucr\u00e9e et un jus de fruit): 15 \u20ac\/enfant<\/p>\n<p>NEW: possibilit\u00e9 de commander un brunch avec contenants en verre consign\u00e9s (5 \u20ac de consigne\/panier de 2 pers \u00e0 pr\u00e9voir en plus \u00e0 payer sur place en liquide)<\/p>\n<p>Tout est fait maison et avec des produits de qualit\u00e9, en grande partie issus de l\u2019agriculture bio et\/ou locale<\/p>\n<p><strong>Retrait :<\/strong><br \/>\n\u2013 Overijse (Drogenberg 55A): entre 9h30 et 11h30<br \/>\n\u2013 Rhode-Saint-Gen\u00e8se (Av des Erables 38B): entre 10h et 11h<br \/>\n\u2013 Kraainem (Avenue des Tarins 3A): entre 10h et 11h<br \/>\n\u00c0 commander avant le vendredi midi. (Indiquer le lieu de retrait)<\/p>\n","protected":false},"excerpt":{"rendered":"<p>Menu : Saumon fum\u00e9 extra doux, persil et citron Burrata, p\u00eaches r\u00f4ties, cresson, framboises Couscous perl\u00e9, oignons caram\u00e9lis\u00e9s, tomates confites, et herbes fra\u00eeches Salade de past\u00e8que, menthe, f\u00e9ta, olives kalamata Gaufres au levain Chantilly Salade de fraises Moelleux au chocolat Petit pain au levain Jus de fruits Kombucha Prix par personne: 30 \u20ac (conditionnement par [&hellip;]<\/p>\n","protected":false},"featured_media":780,"template":"","meta":{"_et_pb_use_builder":"","_et_pb_old_content":"","_et_gb_content_width":""},"product_brand":[],"product_cat":[18],"product_tag":[],"class_list":{"0":"post-1469","1":"product","2":"type-product","3":"status-publish","4":"has-post-thumbnail","6":"product_cat-brunch-to-go","8":"first","9":"onbackorder","10":"taxable","11":"shipping-taxable","12":"purchasable","13":"product-type-variable","14":"has-default-attributes"},"_links":{"self":[{"href":"https:\/\/latabledamelie.be\/fr_fr\/wp-json\/wp\/v2\/product\/1469","targetHints":{"allow":["GET"]}}],"collection":[{"href":"https:\/\/latabledamelie.be\/fr_fr\/wp-json\/wp\/v2\/product"}],"about":[{"href":"https:\/\/latabledamelie.be\/fr_fr\/wp-json\/wp\/v2\/types\/product"}],"wp:featuredmedia":[{"embeddable":true,"href":"https:\/\/latabledamelie.be\/fr_fr\/wp-json\/wp\/v2\/media\/780"}],"wp:attachment":[{"href":"https:\/\/latabledamelie.be\/fr_fr\/wp-json\/wp\/v2\/media?parent=1469"}],"wp:term":[{"taxonomy":"product_brand","embeddable":true,"href":"https:\/\/latabledamelie.be\/fr_fr\/wp-json\/wp\/v2\/product_brand?post=1469"},{"taxonomy":"product_cat","embeddable":true,"href":"https:\/\/latabledamelie.be\/fr_fr\/wp-json\/wp\/v2\/product_cat?post=1469"},{"taxonomy":"product_tag","embeddable":true,"href":"https:\/\/latabledamelie.be\/fr_fr\/wp-json\/wp\/v2\/product_tag?post=1469"}],"curies":[{"name":"wp","href":"https:\/\/api.w.org\/{rel}","templated":true}]}}