{"id":1952,"date":"2023-05-28T11:42:50","date_gmt":"2023-05-28T09:42:50","guid":{"rendered":"https:\/\/latabledamelie.be\/?post_type=product&#038;p=1952"},"modified":"2024-11-04T15:05:45","modified_gmt":"2024-11-04T14:05:45","slug":"croquette-crevette","status":"publish","type":"product","link":"https:\/\/latabledamelie.be\/fr_fr\/produit\/croquette-crevette\/","title":{"rendered":"Croquette crevette"},"content":{"rendered":"<p>Vendue \u00e0 la pi\u00e8ce, congel\u00e9e<\/p>\n","protected":false},"excerpt":{"rendered":"<p>Vendue \u00e0 la pi\u00e8ce, congel\u00e9e<\/p>\n","protected":false},"featured_media":1953,"template":"","meta":{"_et_pb_use_builder":"","_et_pb_old_content":"","_et_gb_content_width":""},"product_brand":[],"product_cat":[34,53,55],"product_tag":[],"class_list":{"0":"post-1952","1":"product","2":"type-product","3":"status-publish","4":"has-post-thumbnail","6":"product_cat-carte-permanente","7":"product_cat-menu-de-fetes","8":"product_cat-menu-de-fetes-entrees","10":"first","11":"outofstock","12":"taxable","13":"shipping-taxable","14":"purchasable","15":"product-type-simple"},"_links":{"self":[{"href":"https:\/\/latabledamelie.be\/fr_fr\/wp-json\/wp\/v2\/product\/1952","targetHints":{"allow":["GET"]}}],"collection":[{"href":"https:\/\/latabledamelie.be\/fr_fr\/wp-json\/wp\/v2\/product"}],"about":[{"href":"https:\/\/latabledamelie.be\/fr_fr\/wp-json\/wp\/v2\/types\/product"}],"wp:featuredmedia":[{"embeddable":true,"href":"https:\/\/latabledamelie.be\/fr_fr\/wp-json\/wp\/v2\/media\/1953"}],"wp:attachment":[{"href":"https:\/\/latabledamelie.be\/fr_fr\/wp-json\/wp\/v2\/media?parent=1952"}],"wp:term":[{"taxonomy":"product_brand","embeddable":true,"href":"https:\/\/latabledamelie.be\/fr_fr\/wp-json\/wp\/v2\/product_brand?post=1952"},{"taxonomy":"product_cat","embeddable":true,"href":"https:\/\/latabledamelie.be\/fr_fr\/wp-json\/wp\/v2\/product_cat?post=1952"},{"taxonomy":"product_tag","embeddable":true,"href":"https:\/\/latabledamelie.be\/fr_fr\/wp-json\/wp\/v2\/product_tag?post=1952"}],"curies":[{"name":"wp","href":"https:\/\/api.w.org\/{rel}","templated":true}]}}