{"id":2037,"date":"2023-09-03T14:25:28","date_gmt":"2023-09-03T12:25:28","guid":{"rendered":"https:\/\/latabledamelie.be\/?post_type=product&#038;p=2037"},"modified":"2023-09-08T16:35:23","modified_gmt":"2023-09-08T14:35:23","slug":"cabillaud-basse-temperature-puree-de-pommes-de-terre-a-lhuile-dolive-petits-legumes","status":"publish","type":"product","link":"https:\/\/latabledamelie.be\/fr_fr\/produit\/cabillaud-basse-temperature-puree-de-pommes-de-terre-a-lhuile-dolive-petits-legumes\/","title":{"rendered":"Cabillaud basse temp\u00e9rature, pur\u00e9e de pommes de terre \u00e0 l&rsquo;huile d&rsquo;olive, petits l\u00e9gumes"},"content":{"rendered":"","protected":false},"excerpt":{"rendered":"","protected":false},"featured_media":0,"template":"","meta":{"_et_pb_use_builder":"","_et_pb_old_content":"","_et_gb_content_width":""},"product_brand":[],"product_cat":[19],"product_tag":[],"class_list":{"0":"post-2037","1":"product","2":"type-product","3":"status-publish","5":"product_cat-traiteur-epicerie","7":"first","8":"instock","9":"taxable","10":"shipping-taxable","11":"purchasable","12":"product-type-simple"},"_links":{"self":[{"href":"https:\/\/latabledamelie.be\/fr_fr\/wp-json\/wp\/v2\/product\/2037","targetHints":{"allow":["GET"]}}],"collection":[{"href":"https:\/\/latabledamelie.be\/fr_fr\/wp-json\/wp\/v2\/product"}],"about":[{"href":"https:\/\/latabledamelie.be\/fr_fr\/wp-json\/wp\/v2\/types\/product"}],"wp:attachment":[{"href":"https:\/\/latabledamelie.be\/fr_fr\/wp-json\/wp\/v2\/media?parent=2037"}],"wp:term":[{"taxonomy":"product_brand","embeddable":true,"href":"https:\/\/latabledamelie.be\/fr_fr\/wp-json\/wp\/v2\/product_brand?post=2037"},{"taxonomy":"product_cat","embeddable":true,"href":"https:\/\/latabledamelie.be\/fr_fr\/wp-json\/wp\/v2\/product_cat?post=2037"},{"taxonomy":"product_tag","embeddable":true,"href":"https:\/\/latabledamelie.be\/fr_fr\/wp-json\/wp\/v2\/product_tag?post=2037"}],"curies":[{"name":"wp","href":"https:\/\/api.w.org\/{rel}","templated":true}]}}