{"id":2062,"date":"2023-09-04T00:08:01","date_gmt":"2023-09-03T22:08:01","guid":{"rendered":"https:\/\/latabledamelie.be\/?post_type=product&#038;p=2062"},"modified":"2025-06-20T22:26:04","modified_gmt":"2025-06-20T20:26:04","slug":"cookies-chocolat-noir-et-noix-de-pecan","status":"publish","type":"product","link":"https:\/\/latabledamelie.be\/fr_fr\/produit\/cookies-chocolat-noir-et-noix-de-pecan\/","title":{"rendered":"Cookies chocolat noir et noix de p\u00e9can"},"content":{"rendered":"<p>Cookies chocolat noir et noix de p\u00e9can &#8211; 2 pi\u00e8ces<\/p>\n","protected":false},"excerpt":{"rendered":"<p>Cookies chocolat noir et noix de p\u00e9can &#8211; 2 pi\u00e8ces<\/p>\n","protected":false},"featured_media":2858,"template":"","meta":{"_et_pb_use_builder":"","_et_pb_old_content":"","_et_gb_content_width":""},"product_brand":[],"product_cat":[45,19],"product_tag":[],"class_list":{"0":"post-2062","1":"product","2":"type-product","3":"status-publish","4":"has-post-thumbnail","6":"product_cat-epicerie","7":"product_cat-traiteur-epicerie","9":"first","10":"outofstock","11":"taxable","12":"shipping-taxable","13":"purchasable","14":"product-type-simple"},"_links":{"self":[{"href":"https:\/\/latabledamelie.be\/fr_fr\/wp-json\/wp\/v2\/product\/2062","targetHints":{"allow":["GET"]}}],"collection":[{"href":"https:\/\/latabledamelie.be\/fr_fr\/wp-json\/wp\/v2\/product"}],"about":[{"href":"https:\/\/latabledamelie.be\/fr_fr\/wp-json\/wp\/v2\/types\/product"}],"wp:featuredmedia":[{"embeddable":true,"href":"https:\/\/latabledamelie.be\/fr_fr\/wp-json\/wp\/v2\/media\/2858"}],"wp:attachment":[{"href":"https:\/\/latabledamelie.be\/fr_fr\/wp-json\/wp\/v2\/media?parent=2062"}],"wp:term":[{"taxonomy":"product_brand","embeddable":true,"href":"https:\/\/latabledamelie.be\/fr_fr\/wp-json\/wp\/v2\/product_brand?post=2062"},{"taxonomy":"product_cat","embeddable":true,"href":"https:\/\/latabledamelie.be\/fr_fr\/wp-json\/wp\/v2\/product_cat?post=2062"},{"taxonomy":"product_tag","embeddable":true,"href":"https:\/\/latabledamelie.be\/fr_fr\/wp-json\/wp\/v2\/product_tag?post=2062"}],"curies":[{"name":"wp","href":"https:\/\/api.w.org\/{rel}","templated":true}]}}