{"id":2077,"date":"2023-09-08T14:58:08","date_gmt":"2023-09-08T12:58:08","guid":{"rendered":"https:\/\/latabledamelie.be\/?post_type=product&#038;p=2077"},"modified":"2023-10-14T10:02:11","modified_gmt":"2023-10-14T08:02:11","slug":"dimanche-24-septembre-2023","status":"publish","type":"product","link":"https:\/\/latabledamelie.be\/fr_fr\/produit\/dimanche-24-septembre-2023\/","title":{"rendered":"Dimanche 24 septembre 2023"},"content":{"rendered":"<p><strong>Menu :<\/strong><\/p>\n<p>Tartelette cr\u00e8me de burrata, pesto de roquette et tomates cerises<br \/>\nLobster roll revisit\u00e9 aux crevettes grises<br \/>\nSalade de lentilles beluga aux herbes<br \/>\nSalade de past\u00e8que, menthe, f\u00e9ta, olives Kalamata<\/p>\n<p>Gaufres au levain<br \/>\nChantilly et caramel beurre sal\u00e9<br \/>\nSalade de fruits<br \/>\nBrookies (entre brownie et cookie)<br \/>\nPain<\/p>\n<p>Eau d\u00e9tox<br \/>\nKombucha<\/p>\n<p>Portion jeunes enfants (uniquement la partie sucr\u00e9e et un jus de fruit): 15 \u20ac\/enfantPrix par personne: 30 \u20ac<br \/>\n(conditionnement par portion de 2 ou 3 personnes)<\/p>\n<p>NEW: possibilit\u00e9 de commander un brunch avec contenants en verre consign\u00e9s (5 \u20ac de consigne\/panier de 2 pers \u00e0 pr\u00e9voir en plus \u00e0 payer sur place en liquide)<\/p>\n<p>Tout est fait maison et avec des produits de qualit\u00e9, en grande partie issus de l\u2019agriculture bio et\/ou locale<\/p>\n<p><strong>Retrait :<\/strong><br \/>\n\u2013 Overijse (Drogenberg 55A): entre 9h30 et 11h<br \/>\n\u2013 Rhode-Saint-Gen\u00e8se (Av des Erables 38B): entre 10h et 11h<br \/>\n\u2013 Kraainem (Avenue des Tarins 3A): entre 10h et 11h<br \/>\n\u00c0 commander avant le vendredi midi.<\/p>\n","protected":false},"excerpt":{"rendered":"<p>Menu : Tartelette cr\u00e8me de burrata, pesto de roquette et tomates cerises Lobster roll revisit\u00e9 aux crevettes grises Salade de lentilles beluga aux herbes Salade de past\u00e8que, menthe, f\u00e9ta, olives Kalamata Gaufres au levain Chantilly et caramel beurre sal\u00e9 Salade de fruits Brookies (entre brownie et cookie) Pain Eau d\u00e9tox Kombucha Portion jeunes enfants (uniquement [&hellip;]<\/p>\n","protected":false},"featured_media":780,"template":"","meta":{"_et_pb_use_builder":"","_et_pb_old_content":"","_et_gb_content_width":""},"product_brand":[],"product_cat":[18],"product_tag":[],"class_list":{"0":"post-2077","1":"product","2":"type-product","3":"status-publish","4":"has-post-thumbnail","6":"product_cat-brunch-to-go","8":"first","9":"outofstock","10":"taxable","11":"shipping-taxable","12":"purchasable","13":"product-type-variable","14":"has-default-attributes"},"_links":{"self":[{"href":"https:\/\/latabledamelie.be\/fr_fr\/wp-json\/wp\/v2\/product\/2077","targetHints":{"allow":["GET"]}}],"collection":[{"href":"https:\/\/latabledamelie.be\/fr_fr\/wp-json\/wp\/v2\/product"}],"about":[{"href":"https:\/\/latabledamelie.be\/fr_fr\/wp-json\/wp\/v2\/types\/product"}],"wp:featuredmedia":[{"embeddable":true,"href":"https:\/\/latabledamelie.be\/fr_fr\/wp-json\/wp\/v2\/media\/780"}],"wp:attachment":[{"href":"https:\/\/latabledamelie.be\/fr_fr\/wp-json\/wp\/v2\/media?parent=2077"}],"wp:term":[{"taxonomy":"product_brand","embeddable":true,"href":"https:\/\/latabledamelie.be\/fr_fr\/wp-json\/wp\/v2\/product_brand?post=2077"},{"taxonomy":"product_cat","embeddable":true,"href":"https:\/\/latabledamelie.be\/fr_fr\/wp-json\/wp\/v2\/product_cat?post=2077"},{"taxonomy":"product_tag","embeddable":true,"href":"https:\/\/latabledamelie.be\/fr_fr\/wp-json\/wp\/v2\/product_tag?post=2077"}],"curies":[{"name":"wp","href":"https:\/\/api.w.org\/{rel}","templated":true}]}}