{"id":2087,"date":"2023-09-08T16:27:23","date_gmt":"2023-09-08T14:27:23","guid":{"rendered":"https:\/\/latabledamelie.be\/?post_type=product&#038;p=2087"},"modified":"2023-09-17T17:19:58","modified_gmt":"2023-09-17T15:19:58","slug":"mechoui-dagneau-aux-legumes-et-couscous","status":"publish","type":"product","link":"https:\/\/latabledamelie.be\/fr_fr\/produit\/mechoui-dagneau-aux-legumes-et-couscous\/","title":{"rendered":"M\u00e9choui d&rsquo;agneau aux l\u00e9gumes et couscous"},"content":{"rendered":"<p>M\u00e9choui d&rsquo;agneau aux l\u00e9gumes, servi avec du couscous<\/p>\n","protected":false},"excerpt":{"rendered":"<p>M\u00e9choui d&rsquo;agneau aux l\u00e9gumes, servi avec du couscous<\/p>\n","protected":false},"featured_media":0,"template":"","meta":{"_et_pb_use_builder":"","_et_pb_old_content":"","_et_gb_content_width":""},"product_brand":[],"product_cat":[19],"product_tag":[],"class_list":{"0":"post-2087","1":"product","2":"type-product","3":"status-publish","5":"product_cat-traiteur-epicerie","7":"first","8":"instock","9":"taxable","10":"shipping-taxable","11":"purchasable","12":"product-type-simple"},"_links":{"self":[{"href":"https:\/\/latabledamelie.be\/fr_fr\/wp-json\/wp\/v2\/product\/2087","targetHints":{"allow":["GET"]}}],"collection":[{"href":"https:\/\/latabledamelie.be\/fr_fr\/wp-json\/wp\/v2\/product"}],"about":[{"href":"https:\/\/latabledamelie.be\/fr_fr\/wp-json\/wp\/v2\/types\/product"}],"wp:attachment":[{"href":"https:\/\/latabledamelie.be\/fr_fr\/wp-json\/wp\/v2\/media?parent=2087"}],"wp:term":[{"taxonomy":"product_brand","embeddable":true,"href":"https:\/\/latabledamelie.be\/fr_fr\/wp-json\/wp\/v2\/product_brand?post=2087"},{"taxonomy":"product_cat","embeddable":true,"href":"https:\/\/latabledamelie.be\/fr_fr\/wp-json\/wp\/v2\/product_cat?post=2087"},{"taxonomy":"product_tag","embeddable":true,"href":"https:\/\/latabledamelie.be\/fr_fr\/wp-json\/wp\/v2\/product_tag?post=2087"}],"curies":[{"name":"wp","href":"https:\/\/api.w.org\/{rel}","templated":true}]}}