{"id":2145,"date":"2023-09-23T23:13:46","date_gmt":"2023-09-23T21:13:46","guid":{"rendered":"https:\/\/latabledamelie.be\/?post_type=product&#038;p=2145"},"modified":"2023-09-29T23:44:36","modified_gmt":"2023-09-29T21:44:36","slug":"aiglefin-gratine-au-pesto-de-basilic","status":"publish","type":"product","link":"https:\/\/latabledamelie.be\/fr_fr\/produit\/aiglefin-gratine-au-pesto-de-basilic\/","title":{"rendered":"Aiglefin gratin\u00e9 au pesto de basilic"},"content":{"rendered":"<p>Aiglefin gratin\u00e9 au pesto de basilic, pur\u00e9e de pommes de terre, l\u00e9gumes de saison<\/p>\n","protected":false},"excerpt":{"rendered":"<p>Aiglefin gratin\u00e9 au pesto de basilic, pur\u00e9e de pommes de terre, l\u00e9gumes de saison<\/p>\n","protected":false},"featured_media":0,"template":"","meta":{"_et_pb_use_builder":"","_et_pb_old_content":"","_et_gb_content_width":""},"product_brand":[],"product_cat":[15,19],"product_tag":[],"class_list":{"0":"post-2145","1":"product","2":"type-product","3":"status-publish","5":"product_cat-non-classe","6":"product_cat-traiteur-epicerie","8":"first","9":"instock","10":"taxable","11":"shipping-taxable","12":"purchasable","13":"product-type-simple"},"_links":{"self":[{"href":"https:\/\/latabledamelie.be\/fr_fr\/wp-json\/wp\/v2\/product\/2145","targetHints":{"allow":["GET"]}}],"collection":[{"href":"https:\/\/latabledamelie.be\/fr_fr\/wp-json\/wp\/v2\/product"}],"about":[{"href":"https:\/\/latabledamelie.be\/fr_fr\/wp-json\/wp\/v2\/types\/product"}],"wp:attachment":[{"href":"https:\/\/latabledamelie.be\/fr_fr\/wp-json\/wp\/v2\/media?parent=2145"}],"wp:term":[{"taxonomy":"product_brand","embeddable":true,"href":"https:\/\/latabledamelie.be\/fr_fr\/wp-json\/wp\/v2\/product_brand?post=2145"},{"taxonomy":"product_cat","embeddable":true,"href":"https:\/\/latabledamelie.be\/fr_fr\/wp-json\/wp\/v2\/product_cat?post=2145"},{"taxonomy":"product_tag","embeddable":true,"href":"https:\/\/latabledamelie.be\/fr_fr\/wp-json\/wp\/v2\/product_tag?post=2145"}],"curies":[{"name":"wp","href":"https:\/\/api.w.org\/{rel}","templated":true}]}}