{"id":2241,"date":"2023-10-07T12:41:36","date_gmt":"2023-10-07T10:41:36","guid":{"rendered":"https:\/\/latabledamelie.be\/?post_type=product&#038;p=2241"},"modified":"2023-10-13T15:24:21","modified_gmt":"2023-10-13T13:24:21","slug":"lasagne-vegetarienne-au-ragu-de-legumes-et-champignons","status":"publish","type":"product","link":"https:\/\/latabledamelie.be\/fr_fr\/produit\/lasagne-vegetarienne-au-ragu-de-legumes-et-champignons\/","title":{"rendered":"Lasagne v\u00e9g\u00e9tarienne au ragu de l\u00e9gumes et champignons"},"content":{"rendered":"","protected":false},"excerpt":{"rendered":"","protected":false},"featured_media":0,"template":"","meta":{"_et_pb_use_builder":"","_et_pb_old_content":"","_et_gb_content_width":""},"product_brand":[],"product_cat":[44,19],"product_tag":[],"class_list":{"0":"post-2241","1":"product","2":"type-product","3":"status-publish","5":"product_cat-menu-de-la-semaine-traiteur-epicerie","6":"product_cat-traiteur-epicerie","8":"first","9":"instock","10":"taxable","11":"shipping-taxable","12":"purchasable","13":"product-type-simple"},"_links":{"self":[{"href":"https:\/\/latabledamelie.be\/fr_fr\/wp-json\/wp\/v2\/product\/2241","targetHints":{"allow":["GET"]}}],"collection":[{"href":"https:\/\/latabledamelie.be\/fr_fr\/wp-json\/wp\/v2\/product"}],"about":[{"href":"https:\/\/latabledamelie.be\/fr_fr\/wp-json\/wp\/v2\/types\/product"}],"wp:attachment":[{"href":"https:\/\/latabledamelie.be\/fr_fr\/wp-json\/wp\/v2\/media?parent=2241"}],"wp:term":[{"taxonomy":"product_brand","embeddable":true,"href":"https:\/\/latabledamelie.be\/fr_fr\/wp-json\/wp\/v2\/product_brand?post=2241"},{"taxonomy":"product_cat","embeddable":true,"href":"https:\/\/latabledamelie.be\/fr_fr\/wp-json\/wp\/v2\/product_cat?post=2241"},{"taxonomy":"product_tag","embeddable":true,"href":"https:\/\/latabledamelie.be\/fr_fr\/wp-json\/wp\/v2\/product_tag?post=2241"}],"curies":[{"name":"wp","href":"https:\/\/api.w.org\/{rel}","templated":true}]}}