{"id":2245,"date":"2023-10-07T12:48:21","date_gmt":"2023-10-07T10:48:21","guid":{"rendered":"https:\/\/latabledamelie.be\/?post_type=product&#038;p=2245"},"modified":"2024-10-14T14:33:59","modified_gmt":"2024-10-14T12:33:59","slug":"dhal-aux-lentilles-et-naan-a-lail","status":"publish","type":"product","link":"https:\/\/latabledamelie.be\/fr_fr\/produit\/dhal-aux-lentilles-et-naan-a-lail\/","title":{"rendered":"Dhal aux lentilles et naan \u00e0 l&rsquo;ail"},"content":{"rendered":"<p>Dhal aux lentilles et l\u00e9gumes, riz, sauce yaourt et pain naan \u00e0 l&rsquo;ail<\/p>\n","protected":false},"excerpt":{"rendered":"<p>Dhal aux lentilles et l\u00e9gumes, riz, sauce yaourt et pain naan \u00e0 l&rsquo;ail<\/p>\n","protected":false},"featured_media":0,"template":"","meta":{"_et_pb_use_builder":"","_et_pb_old_content":"","_et_gb_content_width":""},"product_brand":[],"product_cat":[44,19],"product_tag":[],"class_list":{"0":"post-2245","1":"product","2":"type-product","3":"status-publish","5":"product_cat-menu-de-la-semaine-traiteur-epicerie","6":"product_cat-traiteur-epicerie","8":"first","9":"instock","10":"taxable","11":"shipping-taxable","12":"purchasable","13":"product-type-simple"},"_links":{"self":[{"href":"https:\/\/latabledamelie.be\/fr_fr\/wp-json\/wp\/v2\/product\/2245","targetHints":{"allow":["GET"]}}],"collection":[{"href":"https:\/\/latabledamelie.be\/fr_fr\/wp-json\/wp\/v2\/product"}],"about":[{"href":"https:\/\/latabledamelie.be\/fr_fr\/wp-json\/wp\/v2\/types\/product"}],"wp:attachment":[{"href":"https:\/\/latabledamelie.be\/fr_fr\/wp-json\/wp\/v2\/media?parent=2245"}],"wp:term":[{"taxonomy":"product_brand","embeddable":true,"href":"https:\/\/latabledamelie.be\/fr_fr\/wp-json\/wp\/v2\/product_brand?post=2245"},{"taxonomy":"product_cat","embeddable":true,"href":"https:\/\/latabledamelie.be\/fr_fr\/wp-json\/wp\/v2\/product_cat?post=2245"},{"taxonomy":"product_tag","embeddable":true,"href":"https:\/\/latabledamelie.be\/fr_fr\/wp-json\/wp\/v2\/product_tag?post=2245"}],"curies":[{"name":"wp","href":"https:\/\/api.w.org\/{rel}","templated":true}]}}