{"id":2387,"date":"2023-11-11T11:40:49","date_gmt":"2023-11-11T10:40:49","guid":{"rendered":"https:\/\/latabledamelie.be\/?post_type=product&#038;p=2387"},"modified":"2023-12-12T09:57:39","modified_gmt":"2023-12-12T08:57:39","slug":"plateau-gourmand-24-pieces","status":"publish","type":"product","link":"https:\/\/latabledamelie.be\/fr_fr\/produit\/plateau-gourmand-24-pieces\/","title":{"rendered":"Plateau \u00ab\u00a0gourmand\u00a0\u00bb &#8211; 24 pi\u00e8ces"},"content":{"rendered":"","protected":false},"excerpt":{"rendered":"<p>Pruneaux au lard &#8211; Bouch\u00e9es au fromage &#8211; Mini quiches &#8211; Grenaille en chemise et son tartare de saumon fum\u00e9<br \/>\n(pour un suppl\u00e9ment caviar &#8211; voir ci-dessous)<\/p>\n","protected":false},"featured_media":0,"template":"","meta":{"_et_pb_use_builder":"","_et_pb_old_content":"","_et_gb_content_width":""},"product_brand":[],"product_cat":[54],"product_tag":[],"class_list":{"0":"post-2387","1":"product","2":"type-product","3":"status-publish","5":"product_cat-menu-de-fetes-apero","7":"first","8":"instock","9":"taxable","10":"shipping-taxable","11":"purchasable","12":"product-type-simple"},"_links":{"self":[{"href":"https:\/\/latabledamelie.be\/fr_fr\/wp-json\/wp\/v2\/product\/2387","targetHints":{"allow":["GET"]}}],"collection":[{"href":"https:\/\/latabledamelie.be\/fr_fr\/wp-json\/wp\/v2\/product"}],"about":[{"href":"https:\/\/latabledamelie.be\/fr_fr\/wp-json\/wp\/v2\/types\/product"}],"wp:attachment":[{"href":"https:\/\/latabledamelie.be\/fr_fr\/wp-json\/wp\/v2\/media?parent=2387"}],"wp:term":[{"taxonomy":"product_brand","embeddable":true,"href":"https:\/\/latabledamelie.be\/fr_fr\/wp-json\/wp\/v2\/product_brand?post=2387"},{"taxonomy":"product_cat","embeddable":true,"href":"https:\/\/latabledamelie.be\/fr_fr\/wp-json\/wp\/v2\/product_cat?post=2387"},{"taxonomy":"product_tag","embeddable":true,"href":"https:\/\/latabledamelie.be\/fr_fr\/wp-json\/wp\/v2\/product_tag?post=2387"}],"curies":[{"name":"wp","href":"https:\/\/api.w.org\/{rel}","templated":true}]}}