{"id":2406,"date":"2023-11-16T13:57:07","date_gmt":"2023-11-16T12:57:07","guid":{"rendered":"https:\/\/latabledamelie.be\/?post_type=product&#038;p=2406"},"modified":"2023-11-16T13:57:07","modified_gmt":"2023-11-16T12:57:07","slug":"saumon-marine-gravlax-maison-200g","status":"publish","type":"product","link":"https:\/\/latabledamelie.be\/fr_fr\/produit\/saumon-marine-gravlax-maison-200g\/","title":{"rendered":"Saumon marin\u00e9 gravlax maison 200g"},"content":{"rendered":"","protected":false},"excerpt":{"rendered":"<p>Accompagn\u00e9 de cr\u00e8me aigre \u00e0 l&rsquo;aneth (conseill\u00e9 50 \u00e0 70g\/p)<\/p>\n","protected":false},"featured_media":0,"template":"","meta":{"_et_pb_use_builder":"","_et_pb_old_content":"","_et_gb_content_width":""},"product_brand":[],"product_cat":[53,55],"product_tag":[],"class_list":{"0":"post-2406","1":"product","2":"type-product","3":"status-publish","5":"product_cat-menu-de-fetes","6":"product_cat-menu-de-fetes-entrees","8":"first","9":"instock","10":"taxable","11":"shipping-taxable","12":"purchasable","13":"product-type-simple"},"_links":{"self":[{"href":"https:\/\/latabledamelie.be\/fr_fr\/wp-json\/wp\/v2\/product\/2406","targetHints":{"allow":["GET"]}}],"collection":[{"href":"https:\/\/latabledamelie.be\/fr_fr\/wp-json\/wp\/v2\/product"}],"about":[{"href":"https:\/\/latabledamelie.be\/fr_fr\/wp-json\/wp\/v2\/types\/product"}],"wp:attachment":[{"href":"https:\/\/latabledamelie.be\/fr_fr\/wp-json\/wp\/v2\/media?parent=2406"}],"wp:term":[{"taxonomy":"product_brand","embeddable":true,"href":"https:\/\/latabledamelie.be\/fr_fr\/wp-json\/wp\/v2\/product_brand?post=2406"},{"taxonomy":"product_cat","embeddable":true,"href":"https:\/\/latabledamelie.be\/fr_fr\/wp-json\/wp\/v2\/product_cat?post=2406"},{"taxonomy":"product_tag","embeddable":true,"href":"https:\/\/latabledamelie.be\/fr_fr\/wp-json\/wp\/v2\/product_tag?post=2406"}],"curies":[{"name":"wp","href":"https:\/\/api.w.org\/{rel}","templated":true}]}}