{"id":2412,"date":"2023-11-16T14:05:57","date_gmt":"2023-11-16T13:05:57","guid":{"rendered":"https:\/\/latabledamelie.be\/?post_type=product&#038;p=2412"},"modified":"2023-11-16T14:05:58","modified_gmt":"2023-11-16T13:05:58","slug":"noix-de-saint-jacques","status":"publish","type":"product","link":"https:\/\/latabledamelie.be\/fr_fr\/produit\/noix-de-saint-jacques\/","title":{"rendered":"Noix de Saint-Jacques"},"content":{"rendered":"","protected":false},"excerpt":{"rendered":"<p>Jus \u00e0 la truffe, mousse de c\u00e9leri rave, compot\u00e9e de chicons<\/p>\n","protected":false},"featured_media":0,"template":"","meta":{"_et_pb_use_builder":"","_et_pb_old_content":"","_et_gb_content_width":""},"product_brand":[],"product_cat":[53,56],"product_tag":[],"class_list":{"0":"post-2412","1":"product","2":"type-product","3":"status-publish","5":"product_cat-menu-de-fetes","6":"product_cat-menu-de-fetes-plats","8":"first","9":"instock","10":"taxable","11":"shipping-taxable","12":"purchasable","13":"product-type-simple"},"_links":{"self":[{"href":"https:\/\/latabledamelie.be\/fr_fr\/wp-json\/wp\/v2\/product\/2412","targetHints":{"allow":["GET"]}}],"collection":[{"href":"https:\/\/latabledamelie.be\/fr_fr\/wp-json\/wp\/v2\/product"}],"about":[{"href":"https:\/\/latabledamelie.be\/fr_fr\/wp-json\/wp\/v2\/types\/product"}],"wp:attachment":[{"href":"https:\/\/latabledamelie.be\/fr_fr\/wp-json\/wp\/v2\/media?parent=2412"}],"wp:term":[{"taxonomy":"product_brand","embeddable":true,"href":"https:\/\/latabledamelie.be\/fr_fr\/wp-json\/wp\/v2\/product_brand?post=2412"},{"taxonomy":"product_cat","embeddable":true,"href":"https:\/\/latabledamelie.be\/fr_fr\/wp-json\/wp\/v2\/product_cat?post=2412"},{"taxonomy":"product_tag","embeddable":true,"href":"https:\/\/latabledamelie.be\/fr_fr\/wp-json\/wp\/v2\/product_tag?post=2412"}],"curies":[{"name":"wp","href":"https:\/\/api.w.org\/{rel}","templated":true}]}}