{"id":2413,"date":"2023-11-16T14:07:10","date_gmt":"2023-11-16T13:07:10","guid":{"rendered":"https:\/\/latabledamelie.be\/?post_type=product&#038;p=2413"},"modified":"2023-11-16T14:07:10","modified_gmt":"2023-11-16T13:07:10","slug":"gambas-roties-et-mayonnaise-a-lail-2","status":"publish","type":"product","link":"https:\/\/latabledamelie.be\/fr_fr\/produit\/gambas-roties-et-mayonnaise-a-lail-2\/","title":{"rendered":"Gambas r\u00f4ties et mayonnaise \u00e0 l&rsquo;ail"},"content":{"rendered":"","protected":false},"excerpt":{"rendered":"<p>Accompagn\u00e9 d&rsquo;une salade verte<\/p>\n","protected":false},"featured_media":0,"template":"","meta":{"_et_pb_use_builder":"","_et_pb_old_content":"","_et_gb_content_width":""},"product_brand":[],"product_cat":[53,56],"product_tag":[],"class_list":{"0":"post-2413","1":"product","2":"type-product","3":"status-publish","5":"product_cat-menu-de-fetes","6":"product_cat-menu-de-fetes-plats","8":"first","9":"instock","10":"taxable","11":"shipping-taxable","12":"purchasable","13":"product-type-simple"},"_links":{"self":[{"href":"https:\/\/latabledamelie.be\/fr_fr\/wp-json\/wp\/v2\/product\/2413","targetHints":{"allow":["GET"]}}],"collection":[{"href":"https:\/\/latabledamelie.be\/fr_fr\/wp-json\/wp\/v2\/product"}],"about":[{"href":"https:\/\/latabledamelie.be\/fr_fr\/wp-json\/wp\/v2\/types\/product"}],"wp:attachment":[{"href":"https:\/\/latabledamelie.be\/fr_fr\/wp-json\/wp\/v2\/media?parent=2413"}],"wp:term":[{"taxonomy":"product_brand","embeddable":true,"href":"https:\/\/latabledamelie.be\/fr_fr\/wp-json\/wp\/v2\/product_brand?post=2413"},{"taxonomy":"product_cat","embeddable":true,"href":"https:\/\/latabledamelie.be\/fr_fr\/wp-json\/wp\/v2\/product_cat?post=2413"},{"taxonomy":"product_tag","embeddable":true,"href":"https:\/\/latabledamelie.be\/fr_fr\/wp-json\/wp\/v2\/product_tag?post=2413"}],"curies":[{"name":"wp","href":"https:\/\/api.w.org\/{rel}","templated":true}]}}