{"id":2414,"date":"2023-11-16T14:08:31","date_gmt":"2023-11-16T13:08:31","guid":{"rendered":"https:\/\/latabledamelie.be\/?post_type=product&#038;p=2414"},"modified":"2023-11-16T14:08:31","modified_gmt":"2023-11-16T13:08:31","slug":"buffet-froid-a-partir-de-6-personnes","status":"publish","type":"product","link":"https:\/\/latabledamelie.be\/fr_fr\/produit\/buffet-froid-a-partir-de-6-personnes\/","title":{"rendered":"Buffet froid &#8211; \u00e0 partir de 6 personnes"},"content":{"rendered":"","protected":false},"excerpt":{"rendered":"<p>Saumon fum\u00e9 doux tranch\u00e9 \u00e0 la main<br \/>\nGambas r\u00f4ties et mayonnaise maison \u00e0 l\u2019ail<br \/>\nTomates aux crevettes grises et oeufs mimosa<br \/>\nCanard gravlax, roquette et copeaux de comt\u00e9<br \/>\nAssortiment de boudins et moutarde \u00e0 l\u2019ancienne<br \/>\nL\u00e9gumes de saison<\/p>\n","protected":false},"featured_media":0,"template":"","meta":{"_et_pb_use_builder":"","_et_pb_old_content":"","_et_gb_content_width":""},"product_brand":[],"product_cat":[53,57],"product_tag":[],"class_list":{"0":"post-2414","1":"product","2":"type-product","3":"status-publish","5":"product_cat-menu-de-fetes","6":"product_cat-menu-de-fetes-buffet-froid","8":"first","9":"instock","10":"taxable","11":"shipping-taxable","12":"purchasable","13":"product-type-simple"},"_links":{"self":[{"href":"https:\/\/latabledamelie.be\/fr_fr\/wp-json\/wp\/v2\/product\/2414","targetHints":{"allow":["GET"]}}],"collection":[{"href":"https:\/\/latabledamelie.be\/fr_fr\/wp-json\/wp\/v2\/product"}],"about":[{"href":"https:\/\/latabledamelie.be\/fr_fr\/wp-json\/wp\/v2\/types\/product"}],"wp:attachment":[{"href":"https:\/\/latabledamelie.be\/fr_fr\/wp-json\/wp\/v2\/media?parent=2414"}],"wp:term":[{"taxonomy":"product_brand","embeddable":true,"href":"https:\/\/latabledamelie.be\/fr_fr\/wp-json\/wp\/v2\/product_brand?post=2414"},{"taxonomy":"product_cat","embeddable":true,"href":"https:\/\/latabledamelie.be\/fr_fr\/wp-json\/wp\/v2\/product_cat?post=2414"},{"taxonomy":"product_tag","embeddable":true,"href":"https:\/\/latabledamelie.be\/fr_fr\/wp-json\/wp\/v2\/product_tag?post=2414"}],"curies":[{"name":"wp","href":"https:\/\/api.w.org\/{rel}","templated":true}]}}