{"id":2553,"date":"2024-01-25T22:28:52","date_gmt":"2024-01-25T21:28:52","guid":{"rendered":"https:\/\/latabledamelie.be\/?post_type=product&#038;p=2553"},"modified":"2024-02-02T20:04:20","modified_gmt":"2024-02-02T19:04:20","slug":"dimanche-4-fevrier-2024","status":"publish","type":"product","link":"https:\/\/latabledamelie.be\/fr_fr\/produit\/dimanche-4-fevrier-2024\/","title":{"rendered":"Dimanche 4 f\u00e9vrier 2024 &#8211; TO GO"},"content":{"rendered":"<p><strong>Menu :<\/strong><\/p>\n<p>Cr\u00eape sal\u00e9e \u00e0 la tomme de savoie, fondu de poireaux<br \/>\nBurratina et salade de carottes confites, chermoula aux abricots et sirop d&rsquo;\u00e9rable<br \/>\nSalade de lentilles &amp; c\u00e9l\u00e9ri-rave aux noisettes grill\u00e9es<\/p>\n<p>Gaufre au levain et patates douces<br \/>\nCaramel au beurre sal\u00e9<br \/>\nYaourt et fruits<br \/>\nBabka au chocolat et noisettes<br \/>\nCarrot cake<\/p>\n<p>JOY&rsquo;S Kombucha<br \/>\njus de fruits<\/p>\n<p>Prix par personne: 30 \u20ac<\/p>\n<p>Portion jeunes enfants (uniquement la partie sucr\u00e9e et un jus de fruit): 15 \u20ac\/enfant<br \/>\n(conditionnement par portion de 2 ou 3 personnes)<\/p>\n<p>NEW: possibilit\u00e9 de commander un brunch avec contenants en verre consign\u00e9s (5 \u20ac de consigne\/panier de 2 pers \u00e0 pr\u00e9voir en plus \u00e0 payer sur place en liquide)<\/p>\n<p>Tout est fait maison et avec des produits de qualit\u00e9, en grande partie issus de l\u2019agriculture bio et\/ou locale<\/p>\n<p><strong>Retrait :<\/strong><br \/>\nOverijse (Drogenberg 55A): entre 9h30 et 11h<br \/>\nKraainem (Av des Tarins 3A): entre 10h et 10h30<\/p>\n<p><strong>Livraison:<\/strong><br \/>\nGratuit \u00e0 partir de 4 personnes dans un p\u00e9rim\u00e8tre de 10 km<br \/>\nLivraison dans un p\u00e9rim\u00e8tre de 15 km : 10 euros<\/p>\n<p>\u00c0 commander avant le vendredi soir.<\/p>\n","protected":false},"excerpt":{"rendered":"<p>Menu : Cr\u00eape sal\u00e9e \u00e0 la tomme de savoie, fondu de poireaux Burratina et salade de carottes confites, chermoula aux abricots et sirop d&rsquo;\u00e9rable Salade de lentilles &amp; c\u00e9l\u00e9ri-rave aux noisettes grill\u00e9es Gaufre au levain et patates douces Caramel au beurre sal\u00e9 Yaourt et fruits Babka au chocolat et noisettes Carrot cake JOY&rsquo;S Kombucha jus [&hellip;]<\/p>\n","protected":false},"featured_media":780,"template":"","meta":{"_et_pb_use_builder":"","_et_pb_old_content":"","_et_gb_content_width":""},"product_brand":[],"product_cat":[18],"product_tag":[],"class_list":{"0":"post-2553","1":"product","2":"type-product","3":"status-publish","4":"has-post-thumbnail","6":"product_cat-brunch-to-go","8":"first","9":"instock","10":"taxable","11":"shipping-taxable","12":"purchasable","13":"product-type-variable","14":"has-default-attributes"},"_links":{"self":[{"href":"https:\/\/latabledamelie.be\/fr_fr\/wp-json\/wp\/v2\/product\/2553","targetHints":{"allow":["GET"]}}],"collection":[{"href":"https:\/\/latabledamelie.be\/fr_fr\/wp-json\/wp\/v2\/product"}],"about":[{"href":"https:\/\/latabledamelie.be\/fr_fr\/wp-json\/wp\/v2\/types\/product"}],"wp:featuredmedia":[{"embeddable":true,"href":"https:\/\/latabledamelie.be\/fr_fr\/wp-json\/wp\/v2\/media\/780"}],"wp:attachment":[{"href":"https:\/\/latabledamelie.be\/fr_fr\/wp-json\/wp\/v2\/media?parent=2553"}],"wp:term":[{"taxonomy":"product_brand","embeddable":true,"href":"https:\/\/latabledamelie.be\/fr_fr\/wp-json\/wp\/v2\/product_brand?post=2553"},{"taxonomy":"product_cat","embeddable":true,"href":"https:\/\/latabledamelie.be\/fr_fr\/wp-json\/wp\/v2\/product_cat?post=2553"},{"taxonomy":"product_tag","embeddable":true,"href":"https:\/\/latabledamelie.be\/fr_fr\/wp-json\/wp\/v2\/product_tag?post=2553"}],"curies":[{"name":"wp","href":"https:\/\/api.w.org\/{rel}","templated":true}]}}