{"id":2567,"date":"2024-01-25T22:48:33","date_gmt":"2024-01-25T21:48:33","guid":{"rendered":"https:\/\/latabledamelie.be\/?post_type=product&#038;p=2567"},"modified":"2024-02-22T09:20:08","modified_gmt":"2024-02-22T08:20:08","slug":"dimanche-25-fevrier-2024","status":"publish","type":"product","link":"https:\/\/latabledamelie.be\/fr_fr\/produit\/dimanche-25-fevrier-2024\/","title":{"rendered":"Dimanche 25 f\u00e9vrier 2024 &#8211; TO GO"},"content":{"rendered":"<p><strong>Menu :<\/strong><\/p>\n<p>Shakshuka en cocotte, f\u00e9ta, oeuf (\u00e0 cuire minute)<br \/>\nBurrata, oranges sanguines, salade de bl\u00e9, graines de courge grill\u00e9es<br \/>\nSalade de lentilles &#038; c\u00e9l\u00e9ri-rave aux noisettes grill\u00e9es<br \/>\nQuiche du jour<\/p>\n<p>Gaufres au levain et patates douces<br \/>\nTartinade de chocolat et noisettes<br \/>\nCookies au chocolat et noix de p\u00e9can<br \/>\nSalade de fruits<br \/>\nYaourt et granola<\/p>\n<p>Pain<br \/>\nJus de fruits<br \/>\nKombucha<\/p>\n<p>Prix par personne: 30 \u20ac<\/p>\n<p>Portion jeunes enfants (uniquement la partie sucr\u00e9e et un jus de fruit): 15 \u20ac\/enfant<br \/>\n(conditionnement par portion de 2 ou 3 personnes)<\/p>\n<p>NEW: possibilit\u00e9 de commander un brunch avec contenants en verre consign\u00e9s (5 \u20ac de consigne\/panier de 2 pers \u00e0 pr\u00e9voir en plus \u00e0 payer sur place en liquide)<\/p>\n<p>Tout est fait maison et avec des produits de qualit\u00e9, en grande partie issus de l\u2019agriculture bio et\/ou locale<\/p>\n<p><strong>Retrait :<\/strong><br \/>\nOverijse (Drogenberg 55A): entre 9h30 et 11h<\/p>\n<p><strong>Livraison:<\/strong><br \/>\nGratuit \u00e0 partir de 4 personnes dans un p\u00e9rim\u00e8tre de 10 km<br \/>\nLivraison dans un p\u00e9rim\u00e8tre de 15 km : 10 euros<\/p>\n<p>\u00c0 commander avant le vendredi soir.<\/p>\n","protected":false},"excerpt":{"rendered":"<p>Menu : Shakshuka en cocotte, f\u00e9ta, oeuf (\u00e0 cuire minute) Burrata, oranges sanguines, salade de bl\u00e9, graines de courge grill\u00e9es Salade de lentilles &#038; c\u00e9l\u00e9ri-rave aux noisettes grill\u00e9es Quiche du jour Gaufres au levain et patates douces Tartinade de chocolat et noisettes Cookies au chocolat et noix de p\u00e9can Salade de fruits Yaourt et granola [&hellip;]<\/p>\n","protected":false},"featured_media":780,"template":"","meta":{"_et_pb_use_builder":"","_et_pb_old_content":"","_et_gb_content_width":""},"product_brand":[],"product_cat":[18],"product_tag":[],"class_list":{"0":"post-2567","1":"product","2":"type-product","3":"status-publish","4":"has-post-thumbnail","6":"product_cat-brunch-to-go","8":"first","9":"instock","10":"taxable","11":"shipping-taxable","12":"purchasable","13":"product-type-variable","14":"has-default-attributes"},"_links":{"self":[{"href":"https:\/\/latabledamelie.be\/fr_fr\/wp-json\/wp\/v2\/product\/2567","targetHints":{"allow":["GET"]}}],"collection":[{"href":"https:\/\/latabledamelie.be\/fr_fr\/wp-json\/wp\/v2\/product"}],"about":[{"href":"https:\/\/latabledamelie.be\/fr_fr\/wp-json\/wp\/v2\/types\/product"}],"wp:featuredmedia":[{"embeddable":true,"href":"https:\/\/latabledamelie.be\/fr_fr\/wp-json\/wp\/v2\/media\/780"}],"wp:attachment":[{"href":"https:\/\/latabledamelie.be\/fr_fr\/wp-json\/wp\/v2\/media?parent=2567"}],"wp:term":[{"taxonomy":"product_brand","embeddable":true,"href":"https:\/\/latabledamelie.be\/fr_fr\/wp-json\/wp\/v2\/product_brand?post=2567"},{"taxonomy":"product_cat","embeddable":true,"href":"https:\/\/latabledamelie.be\/fr_fr\/wp-json\/wp\/v2\/product_cat?post=2567"},{"taxonomy":"product_tag","embeddable":true,"href":"https:\/\/latabledamelie.be\/fr_fr\/wp-json\/wp\/v2\/product_tag?post=2567"}],"curies":[{"name":"wp","href":"https:\/\/api.w.org\/{rel}","templated":true}]}}