{"id":3168,"date":"2025-02-25T13:05:19","date_gmt":"2025-02-25T12:05:19","guid":{"rendered":"https:\/\/latabledamelie.be\/?post_type=product&#038;p=3168"},"modified":"2025-02-28T14:27:14","modified_gmt":"2025-02-28T13:27:14","slug":"chili-de-patates-douces-vegetarien-et-ses-accompagnements-tex-mex","status":"publish","type":"product","link":"https:\/\/latabledamelie.be\/fr_fr\/produit\/chili-de-patates-douces-vegetarien-et-ses-accompagnements-tex-mex\/","title":{"rendered":"Chili de patates douces (v\u00e9g\u00e9tarien) et ses accompagnements tex mex"},"content":{"rendered":"<p>Chili con carne, riz, tacos, cheddar, cr\u00e8me \u00e9paisse, et guacamole<\/p>\n","protected":false},"excerpt":{"rendered":"<p>Chili con carne, riz, tacos, cheddar, cr\u00e8me \u00e9paisse, et guacamole<\/p>\n","protected":false},"featured_media":0,"template":"","meta":{"_et_pb_use_builder":"","_et_pb_old_content":"","_et_gb_content_width":""},"product_brand":[],"product_cat":[44,46,19],"product_tag":[],"class_list":{"0":"post-3168","1":"product","2":"type-product","3":"status-publish","5":"product_cat-menu-de-la-semaine-traiteur-epicerie","6":"product_cat-menu-de-la-semaine-plats","7":"product_cat-traiteur-epicerie","9":"first","10":"instock","11":"taxable","12":"shipping-taxable","13":"purchasable","14":"product-type-simple"},"_links":{"self":[{"href":"https:\/\/latabledamelie.be\/fr_fr\/wp-json\/wp\/v2\/product\/3168","targetHints":{"allow":["GET"]}}],"collection":[{"href":"https:\/\/latabledamelie.be\/fr_fr\/wp-json\/wp\/v2\/product"}],"about":[{"href":"https:\/\/latabledamelie.be\/fr_fr\/wp-json\/wp\/v2\/types\/product"}],"wp:attachment":[{"href":"https:\/\/latabledamelie.be\/fr_fr\/wp-json\/wp\/v2\/media?parent=3168"}],"wp:term":[{"taxonomy":"product_brand","embeddable":true,"href":"https:\/\/latabledamelie.be\/fr_fr\/wp-json\/wp\/v2\/product_brand?post=3168"},{"taxonomy":"product_cat","embeddable":true,"href":"https:\/\/latabledamelie.be\/fr_fr\/wp-json\/wp\/v2\/product_cat?post=3168"},{"taxonomy":"product_tag","embeddable":true,"href":"https:\/\/latabledamelie.be\/fr_fr\/wp-json\/wp\/v2\/product_tag?post=3168"}],"curies":[{"name":"wp","href":"https:\/\/api.w.org\/{rel}","templated":true}]}}