{"id":3182,"date":"2025-02-28T14:33:54","date_gmt":"2025-02-28T13:33:54","guid":{"rendered":"https:\/\/latabledamelie.be\/?post_type=product&#038;p=3182"},"modified":"2025-03-11T10:29:35","modified_gmt":"2025-03-11T09:29:35","slug":"cuisses-de-poulet-roties-au-miel-semoule-de-ble-dur-legumes-de-saison","status":"publish","type":"product","link":"https:\/\/latabledamelie.be\/fr_fr\/produit\/cuisses-de-poulet-roties-au-miel-semoule-de-ble-dur-legumes-de-saison\/","title":{"rendered":"Cuisses de poulet r\u00f4ties au miel, semoule de bl\u00e9 dur, l\u00e9gumes de saison"},"content":{"rendered":"","protected":false},"excerpt":{"rendered":"","protected":false},"featured_media":2917,"template":"","meta":{"_et_pb_use_builder":"","_et_pb_old_content":"","_et_gb_content_width":""},"product_brand":[],"product_cat":[15],"product_tag":[],"class_list":{"0":"post-3182","1":"product","2":"type-product","3":"status-publish","4":"has-post-thumbnail","6":"product_cat-non-classe","8":"first","9":"instock","10":"taxable","11":"shipping-taxable","12":"purchasable","13":"product-type-simple"},"_links":{"self":[{"href":"https:\/\/latabledamelie.be\/fr_fr\/wp-json\/wp\/v2\/product\/3182","targetHints":{"allow":["GET"]}}],"collection":[{"href":"https:\/\/latabledamelie.be\/fr_fr\/wp-json\/wp\/v2\/product"}],"about":[{"href":"https:\/\/latabledamelie.be\/fr_fr\/wp-json\/wp\/v2\/types\/product"}],"wp:featuredmedia":[{"embeddable":true,"href":"https:\/\/latabledamelie.be\/fr_fr\/wp-json\/wp\/v2\/media\/2917"}],"wp:attachment":[{"href":"https:\/\/latabledamelie.be\/fr_fr\/wp-json\/wp\/v2\/media?parent=3182"}],"wp:term":[{"taxonomy":"product_brand","embeddable":true,"href":"https:\/\/latabledamelie.be\/fr_fr\/wp-json\/wp\/v2\/product_brand?post=3182"},{"taxonomy":"product_cat","embeddable":true,"href":"https:\/\/latabledamelie.be\/fr_fr\/wp-json\/wp\/v2\/product_cat?post=3182"},{"taxonomy":"product_tag","embeddable":true,"href":"https:\/\/latabledamelie.be\/fr_fr\/wp-json\/wp\/v2\/product_tag?post=3182"}],"curies":[{"name":"wp","href":"https:\/\/api.w.org\/{rel}","templated":true}]}}