{"id":504,"date":"2021-11-18T17:40:16","date_gmt":"2021-11-18T16:40:16","guid":{"rendered":"https:\/\/latabledamelie.be\/?post_type=product&#038;p=504"},"modified":"2023-12-15T11:30:40","modified_gmt":"2023-12-15T10:30:40","slug":"clear-mind","status":"publish","type":"product","link":"https:\/\/latabledamelie.be\/fr_fr\/produit\/clear-mind\/","title":{"rendered":"Clear Mind"},"content":{"rendered":"<h5>Beet &#8211; Ginger<\/h5>\n<p>Un Kombucha d&rsquo;une couleur intense, aromatis\u00e9 au jus de betterave et gingembre. Ce go\u00fbt \u00e9tonnant ravira les papilles des amateurs de betterave et surprendra ceux qui\u00a0pensaient ne pas l&rsquo;aimer. A tester absolument !<\/p>\n","protected":false},"excerpt":{"rendered":"<p>Beet &#8211; Ginger Un Kombucha d&rsquo;une couleur intense, aromatis\u00e9 au jus de betterave et gingembre. Ce go\u00fbt \u00e9tonnant ravira les papilles des amateurs de betterave et surprendra ceux qui\u00a0pensaient ne pas l&rsquo;aimer. A tester absolument !<\/p>\n","protected":false},"featured_media":768,"template":"","meta":{"_et_pb_use_builder":"","_et_pb_old_content":"","_et_gb_content_width":""},"product_brand":[],"product_cat":[17],"product_tag":[],"class_list":{"0":"post-504","1":"product","2":"type-product","3":"status-publish","4":"has-post-thumbnail","6":"product_cat-joys-kombucha","8":"first","9":"outofstock","10":"taxable","11":"shipping-taxable","12":"purchasable","13":"product-type-variable"},"_links":{"self":[{"href":"https:\/\/latabledamelie.be\/fr_fr\/wp-json\/wp\/v2\/product\/504","targetHints":{"allow":["GET"]}}],"collection":[{"href":"https:\/\/latabledamelie.be\/fr_fr\/wp-json\/wp\/v2\/product"}],"about":[{"href":"https:\/\/latabledamelie.be\/fr_fr\/wp-json\/wp\/v2\/types\/product"}],"wp:featuredmedia":[{"embeddable":true,"href":"https:\/\/latabledamelie.be\/fr_fr\/wp-json\/wp\/v2\/media\/768"}],"wp:attachment":[{"href":"https:\/\/latabledamelie.be\/fr_fr\/wp-json\/wp\/v2\/media?parent=504"}],"wp:term":[{"taxonomy":"product_brand","embeddable":true,"href":"https:\/\/latabledamelie.be\/fr_fr\/wp-json\/wp\/v2\/product_brand?post=504"},{"taxonomy":"product_cat","embeddable":true,"href":"https:\/\/latabledamelie.be\/fr_fr\/wp-json\/wp\/v2\/product_cat?post=504"},{"taxonomy":"product_tag","embeddable":true,"href":"https:\/\/latabledamelie.be\/fr_fr\/wp-json\/wp\/v2\/product_tag?post=504"}],"curies":[{"name":"wp","href":"https:\/\/api.w.org\/{rel}","templated":true}]}}