{"id":507,"date":"2021-11-18T17:43:31","date_gmt":"2021-11-18T16:43:31","guid":{"rendered":"https:\/\/latabledamelie.be\/?post_type=product&#038;p=507"},"modified":"2025-06-20T22:30:32","modified_gmt":"2025-06-20T20:30:32","slug":"my-morning-ritual","status":"publish","type":"product","link":"https:\/\/latabledamelie.be\/fr_fr\/produit\/my-morning-ritual\/","title":{"rendered":"My Morning Ritual"},"content":{"rendered":"<h5>Lemon Ginger<\/h5>\n<p>Parfait pour vos cures d\u00e9tox ou chaque matin \u00e0 jeun, ce Kombucha au jus de citron entier et gingembre vous donnera du peps pour toute la journ\u00e9e !<\/p>\n","protected":false},"excerpt":{"rendered":"<p>Lemon Ginger Parfait pour vos cures d\u00e9tox ou chaque matin \u00e0 jeun, ce Kombucha au jus de citron entier et gingembre vous donnera du peps pour toute la journ\u00e9e !<\/p>\n","protected":false},"featured_media":770,"template":"","meta":{"_et_pb_use_builder":"","_et_pb_old_content":"","_et_gb_content_width":""},"product_brand":[],"product_cat":[17],"product_tag":[],"class_list":{"0":"post-507","1":"product","2":"type-product","3":"status-publish","4":"has-post-thumbnail","6":"product_cat-joys-kombucha","8":"first","9":"outofstock","10":"taxable","11":"shipping-taxable","12":"purchasable","13":"product-type-variable"},"_links":{"self":[{"href":"https:\/\/latabledamelie.be\/fr_fr\/wp-json\/wp\/v2\/product\/507","targetHints":{"allow":["GET"]}}],"collection":[{"href":"https:\/\/latabledamelie.be\/fr_fr\/wp-json\/wp\/v2\/product"}],"about":[{"href":"https:\/\/latabledamelie.be\/fr_fr\/wp-json\/wp\/v2\/types\/product"}],"wp:featuredmedia":[{"embeddable":true,"href":"https:\/\/latabledamelie.be\/fr_fr\/wp-json\/wp\/v2\/media\/770"}],"wp:attachment":[{"href":"https:\/\/latabledamelie.be\/fr_fr\/wp-json\/wp\/v2\/media?parent=507"}],"wp:term":[{"taxonomy":"product_brand","embeddable":true,"href":"https:\/\/latabledamelie.be\/fr_fr\/wp-json\/wp\/v2\/product_brand?post=507"},{"taxonomy":"product_cat","embeddable":true,"href":"https:\/\/latabledamelie.be\/fr_fr\/wp-json\/wp\/v2\/product_cat?post=507"},{"taxonomy":"product_tag","embeddable":true,"href":"https:\/\/latabledamelie.be\/fr_fr\/wp-json\/wp\/v2\/product_tag?post=507"}],"curies":[{"name":"wp","href":"https:\/\/api.w.org\/{rel}","templated":true}]}}