{"id":763,"date":"2022-03-09T21:23:48","date_gmt":"2022-03-09T20:23:48","guid":{"rendered":"https:\/\/latabledamelie.be\/?post_type=product&#038;p=763"},"modified":"2023-12-15T11:30:26","modified_gmt":"2023-12-15T10:30:26","slug":"cocktail-lovers","status":"publish","type":"product","link":"https:\/\/latabledamelie.be\/fr_fr\/produit\/cocktail-lovers\/","title":{"rendered":"Cocktail Lovers"},"content":{"rendered":"<h5>Lime &#8211; Mint<\/h5>\n<p>Du citron vert avec un go\u00fbt subtil de menthe, ce kombucha est parfait pour vos ap\u00e9ros au soleil.<br \/>\nAgr\u00e9mentez-le de gla\u00e7ons, rondelles de citron, gin avec ou sans alcool et laissez libre cours \u00e0 votre imagination.<\/p>\n","protected":false},"excerpt":{"rendered":"<p>Lime &#8211; Mint Du citron vert avec un go\u00fbt subtil de menthe, ce kombucha est parfait pour vos ap\u00e9ros au soleil. Agr\u00e9mentez-le de gla\u00e7ons, rondelles de citron, gin avec ou sans alcool et laissez libre cours \u00e0 votre imagination.<\/p>\n","protected":false},"featured_media":760,"template":"","meta":{"_et_pb_use_builder":"","_et_pb_old_content":"","_et_gb_content_width":""},"product_brand":[],"product_cat":[17],"product_tag":[],"class_list":{"0":"post-763","1":"product","2":"type-product","3":"status-publish","4":"has-post-thumbnail","6":"product_cat-joys-kombucha","8":"first","9":"outofstock","10":"taxable","11":"shipping-taxable","12":"purchasable","13":"product-type-variable"},"_links":{"self":[{"href":"https:\/\/latabledamelie.be\/fr_fr\/wp-json\/wp\/v2\/product\/763","targetHints":{"allow":["GET"]}}],"collection":[{"href":"https:\/\/latabledamelie.be\/fr_fr\/wp-json\/wp\/v2\/product"}],"about":[{"href":"https:\/\/latabledamelie.be\/fr_fr\/wp-json\/wp\/v2\/types\/product"}],"wp:featuredmedia":[{"embeddable":true,"href":"https:\/\/latabledamelie.be\/fr_fr\/wp-json\/wp\/v2\/media\/760"}],"wp:attachment":[{"href":"https:\/\/latabledamelie.be\/fr_fr\/wp-json\/wp\/v2\/media?parent=763"}],"wp:term":[{"taxonomy":"product_brand","embeddable":true,"href":"https:\/\/latabledamelie.be\/fr_fr\/wp-json\/wp\/v2\/product_brand?post=763"},{"taxonomy":"product_cat","embeddable":true,"href":"https:\/\/latabledamelie.be\/fr_fr\/wp-json\/wp\/v2\/product_cat?post=763"},{"taxonomy":"product_tag","embeddable":true,"href":"https:\/\/latabledamelie.be\/fr_fr\/wp-json\/wp\/v2\/product_tag?post=763"}],"curies":[{"name":"wp","href":"https:\/\/api.w.org\/{rel}","templated":true}]}}