{"id":12,"date":"2021-10-18T21:46:02","date_gmt":"2021-10-18T19:46:02","guid":{"rendered":"https:\/\/latabledamelie.be\/mon-compte\/"},"modified":"2023-11-30T21:35:29","modified_gmt":"2023-11-30T20:35:29","slug":"mon-compte","status":"publish","type":"page","link":"https:\/\/latabledamelie.be\/nl\/mon-compte\/","title":{"rendered":"mijn account"},"content":{"rendered":"<p>[et_pb_section fb_built=\u00a0\u00bb1&Prime; _builder_version=\u00a0\u00bb4.16&Prime; _module_preset=\u00a0\u00bbdefault\u00a0\u00bb background_color=\u00a0\u00bbgcid-76e554d1-4a2d-4bd7-bf55-9a3108239d60&Prime; global_colors_info=\u00a0\u00bb{%22gcid-76e554d1-4a2d-4bd7-bf55-9a3108239d60%22:%91%22background_color%22%93}\u00a0\u00bb][et_pb_row _builder_version=\u00a0\u00bb4.16&Prime; _module_preset=\u00a0\u00bbdefault\u00a0\u00bb global_colors_info=\u00a0\u00bb{}\u00a0\u00bb][et_pb_column type=\u00a0\u00bb4_4&Prime; _builder_version=\u00a0\u00bb4.16&Prime; _module_preset=\u00a0\u00bbdefault\u00a0\u00bb global_colors_info=\u00a0\u00bb{}\u00a0\u00bb][et_pb_text _builder_version=\u00a0\u00bb4.16&Prime; _module_preset=\u00a0\u00bbdefault\u00a0\u00bb header_text_color=\u00a0\u00bbgcid-630f3cf0-04e7-4a6b-b2c0-36e50c583d59&Prime; text_orientation=\u00a0\u00bbcenter\u00a0\u00bb global_colors_info=\u00a0\u00bb{%22gcid-630f3cf0-04e7-4a6b-b2c0-36e50c583d59%22:%91%22header_text_color%22%93}\u00a0\u00bb]<\/p>\n<h1>Votre compte<\/h1>\n<p>Retrouvez ici<strong> l&rsquo;historique de vos commandes, <\/strong>modifier votre <strong>adresse de livraison <\/strong>ou encore votre<strong> adresse mail<br \/><\/strong><\/p>\n<p>[\/et_pb_text][\/et_pb_column][\/et_pb_row][\/et_pb_section][et_pb_section fb_built=\u00a0\u00bb1&Prime; _builder_version=\u00a0\u00bb4.16&Prime; global_colors_info=\u00a0\u00bb{}\u00a0\u00bb][et_pb_row _builder_version=\u00a0\u00bb4.16&Prime; background_size=\u00a0\u00bbinitial\u00a0\u00bb background_position=\u00a0\u00bbtop_left\u00a0\u00bb background_repeat=\u00a0\u00bbrepeat\u00a0\u00bb global_colors_info=\u00a0\u00bb{}\u00a0\u00bb][et_pb_column type=\u00a0\u00bb4_4&Prime; _builder_version=\u00a0\u00bb4.16&Prime; custom_padding=\u00a0\u00bb|||\u00a0\u00bb global_colors_info=\u00a0\u00bb{}\u00a0\u00bb custom_padding__hover=\u00a0\u00bb|||\u00a0\u00bb][et_pb_text _builder_version=\u00a0\u00bb4.16.1&Prime; ul_font=\u00a0\u00bb|600||on|||||\u00a0\u00bb ul_text_color=\u00a0\u00bb#FFFFFF\u00a0\u00bb ul_line_height=\u00a0\u00bb2.4em\u00a0\u00bb background_color=\u00a0\u00bbRGBA(255,255,255,0)\u00a0\u00bb custom_margin=\u00a0\u00bb||||false|false\u00a0\u00bb custom_padding=\u00a0\u00bb||||false|false\u00a0\u00bb global_colors_info=\u00a0\u00bb{}\u00a0\u00bb]<\/p>\n<p><!-- divi:shortcode --><div class=\"woocommerce\"><\/div><br \/><!-- \/divi:shortcode --><\/p>\n<p><!-- divi:paragraph --><\/p>\n<p><!-- \/divi:paragraph --><\/p>\n<p>[\/et_pb_text][\/et_pb_column][\/et_pb_row][et_pb_row column_structure=\u00a0\u00bb1_2,1_2&Prime; _builder_version=\u00a0\u00bb4.16&Prime; _module_preset=\u00a0\u00bbdefault\u00a0\u00bb global_colors_info=\u00a0\u00bb{}\u00a0\u00bb][et_pb_column type=\u00a0\u00bb1_2&Prime; _builder_version=\u00a0\u00bb4.16&Prime; _module_preset=\u00a0\u00bbdefault\u00a0\u00bb global_colors_info=\u00a0\u00bb{}\u00a0\u00bb][et_pb_blurb use_icon=\u00a0\u00bbon\u00a0\u00bb font_icon=\u00a0\u00bb&#xe007;||divi||400&Prime; icon_color=\u00a0\u00bbgcid-1d81ae23-2bd0-4af1-9f3b-b275108853bf\u00a0\u00bb icon_placement=\u00a0\u00bbleft\u00a0\u00bb _builder_version=\u00a0\u00bb4.23.1&Prime; _module_preset=\u00a0\u00bbdefault\u00a0\u00bb background_color=\u00a0\u00bbgcid-05076d1a-c296-48bd-8eed-d1211afcee57&Prime; custom_padding=\u00a0\u00bb10px|10px|10px|10px|true|true\u00a0\u00bb border_radii=\u00a0\u00bbon|10px|10px|10px|10px\u00a0\u00bb global_colors_info=\u00a0\u00bb{%22gcid-1d81ae23-2bd0-4af1-9f3b-b275108853bf%22:%91%22icon_color%22%93,%22gcid-05076d1a-c296-48bd-8eed-d1211afcee57%22:%91%22background_color%22%93}\u00a0\u00bb hover_enabled=\u00a0\u00bb0&Prime; sticky_enabled=\u00a0\u00bb0&Prime;]<\/p>\n<p>Chaque euros d&rsquo;achat vous rapporte 1 point de fid\u00e9lit\u00e9! D\u00e8s 500 points, vous recevez un coupons de r\u00e9duction 25 euros sur votre prochaine commande, valable pendant deux mois!<\/p>\n<p>Cr\u00e9ez un compte ou connectez-vous pour commencer \u00e0 collecter vos points! <a href=\"https:\/\/latabledamelie.be\/mon-compte\" title=\"Mon compte\">Acc\u00e9dez \u00e0 votre compte<\/a><\/p>\n<p>[\/et_pb_blurb][\/et_pb_column][et_pb_column type=\u00a0\u00bb1_2&Prime; _builder_version=\u00a0\u00bb4.16&Prime; _module_preset=\u00a0\u00bbdefault\u00a0\u00bb global_colors_info=\u00a0\u00bb{}\u00a0\u00bb][et_pb_text _builder_version=\u00a0\u00bb4.16.1&Prime; _module_preset=\u00a0\u00bbdefault\u00a0\u00bb header_text_color=\u00a0\u00bbgcid-630f3cf0-04e7-4a6b-b2c0-36e50c583d59&Prime; global_colors_info=\u00a0\u00bb{%22gcid-630f3cf0-04e7-4a6b-b2c0-36e50c583d59%22:%91%22header_text_color%22%93}\u00a0\u00bb]<\/p>\n<h1>Vos points d\u00e9j\u00e0 gagn\u00e9s<\/h1>\n<p><em>Visible uniquement si vous \u00eates connect\u00e9s<\/em><\/p>\n<p>[\/et_pb_text][et_pb_code _builder_version=\u00a0\u00bb4.16&Prime; _module_preset=\u00a0\u00bbdefault\u00a0\u00bb custom_css_main_element=\u00a0\u00bbfont-weight: bold;\u00a0\u00bb global_colors_info=\u00a0\u00bb{}\u00a0\u00bb][\/et_pb_code][et_pb_text _builder_version=\u00a0\u00bb4.16.1&Prime; _module_preset=\u00a0\u00bbdefault\u00a0\u00bb header_text_color=\u00a0\u00bbgcid-630f3cf0-04e7-4a6b-b2c0-36e50c583d59&Prime; global_colors_info=\u00a0\u00bb{%22gcid-630f3cf0-04e7-4a6b-b2c0-36e50c583d59%22:%91%22header_text_color%22%93}\u00a0\u00bb]<\/p>\n<h1>Vos coupons de fid\u00e9lit\u00e9<\/h1>\n<p><em>Visible uniquement si vous \u00eates connect\u00e9s<\/em><\/p>\n<p>[\/et_pb_text][et_pb_code _builder_version=\u00a0\u00bb4.16&Prime; _module_preset=\u00a0\u00bbdefault\u00a0\u00bb global_colors_info=\u00a0\u00bb{}\u00a0\u00bb][\/et_pb_code][\/et_pb_column][\/et_pb_row][\/et_pb_section][et_pb_section fb_built=\u00a0\u00bb1&Prime; _builder_version=\u00a0\u00bb4.16&Prime; _module_preset=\u00a0\u00bbdefault\u00a0\u00bb global_colors_info=\u00a0\u00bb{}\u00a0\u00bb][et_pb_row _builder_version=\u00a0\u00bb4.16&Prime; _module_preset=\u00a0\u00bbdefault\u00a0\u00bb global_colors_info=\u00a0\u00bb{}\u00a0\u00bb][et_pb_column type=\u00a0\u00bb4_4&Prime; _builder_version=\u00a0\u00bb4.16&Prime; _module_preset=\u00a0\u00bbdefault\u00a0\u00bb global_colors_info=\u00a0\u00bb{}\u00a0\u00bb][et_pb_text _builder_version=\u00a0\u00bb4.16&Prime; _module_preset=\u00a0\u00bbdefault\u00a0\u00bb header_text_color=\u00a0\u00bbgcid-630f3cf0-04e7-4a6b-b2c0-36e50c583d59&Prime; global_colors_info=\u00a0\u00bb{%22gcid-630f3cf0-04e7-4a6b-b2c0-36e50c583d59%22:%91%22header_text_color%22%93}\u00a0\u00bb]<\/p>\n<h1>Quelques autres produits qui pourraient vous int\u00e9resser<\/h1>\n<p>[\/et_pb_text][et_pb_shop type=\u00a0\u00bbproduct_category\u00a0\u00bb posts_number=\u00a0\u00bb6&Prime; columns_number=\u00a0\u00bb6&Prime; _builder_version=\u00a0\u00bb4.16&Prime; _module_preset=\u00a0\u00bbdefault\u00a0\u00bb global_colors_info=\u00a0\u00bb{}\u00a0\u00bb][\/et_pb_shop][\/et_pb_column][\/et_pb_row][\/et_pb_section]<\/p>\n","protected":false},"excerpt":{"rendered":"<p>Votre compte Retrouvez ici l&rsquo;historique de vos commandes, modifier votre adresse de livraison ou encore votre adresse mail<div class=\"woocommerce\"><\/div> Chaque euros d&rsquo;achat vous rapporte 1 point de fid\u00e9lit\u00e9! D\u00e8s 500 points, vous recevez un coupons de r\u00e9duction 25 euros sur votre prochaine commande, valable pendant deux mois! Cr\u00e9ez un compte ou connectez-vous pour commencer \u00e0 collecter [&hellip;]<\/p>\n","protected":false},"author":1,"featured_media":0,"parent":0,"menu_order":0,"comment_status":"closed","ping_status":"closed","template":"","meta":{"_et_pb_use_builder":"on","_et_pb_old_content":"<!-- wp:shortcode -->\n[woocommerce_my_account]\n<!-- \/wp:shortcode -->\n\n<!-- wp:paragraph -->\n<p><\/p>\n<!-- \/wp:paragraph -->","_et_gb_content_width":"1080","footnotes":""},"class_list":["post-12","page","type-page","status-publish","hentry"],"_links":{"self":[{"href":"https:\/\/latabledamelie.be\/nl\/wp-json\/wp\/v2\/pages\/12","targetHints":{"allow":["GET"]}}],"collection":[{"href":"https:\/\/latabledamelie.be\/nl\/wp-json\/wp\/v2\/pages"}],"about":[{"href":"https:\/\/latabledamelie.be\/nl\/wp-json\/wp\/v2\/types\/page"}],"author":[{"embeddable":true,"href":"https:\/\/latabledamelie.be\/nl\/wp-json\/wp\/v2\/users\/1"}],"replies":[{"embeddable":true,"href":"https:\/\/latabledamelie.be\/nl\/wp-json\/wp\/v2\/comments?post=12"}],"version-history":[{"count":12,"href":"https:\/\/latabledamelie.be\/nl\/wp-json\/wp\/v2\/pages\/12\/revisions"}],"predecessor-version":[{"id":2470,"href":"https:\/\/latabledamelie.be\/nl\/wp-json\/wp\/v2\/pages\/12\/revisions\/2470"}],"wp:attachment":[{"href":"https:\/\/latabledamelie.be\/nl\/wp-json\/wp\/v2\/media?parent=12"}],"curies":[{"name":"wp","href":"https:\/\/api.w.org\/{rel}","templated":true}]}}