{"id":21,"date":"2021-10-18T22:08:48","date_gmt":"2021-10-18T20:08:48","guid":{"rendered":"https:\/\/latabledamelie.be\/?page_id=21"},"modified":"2025-02-27T18:18:36","modified_gmt":"2025-02-27T17:18:36","slug":"thermomix","status":"publish","type":"page","link":"https:\/\/latabledamelie.be\/nl\/thermomix\/","title":{"rendered":"Thermomix"},"content":{"rendered":"<p>[et_pb_section fb_built=\u00a0\u00bb1&Prime; admin_label=\u00a0\u00bbImage\u00a0\u00bb _builder_version=\u00a0\u00bb4.16&Prime; _module_preset=\u00a0\u00bbdefault\u00a0\u00bb background_enable_color=\u00a0\u00bboff\u00a0\u00bb background_image=\u00a0\u00bbhttps:\/\/latabledamelie.be\/wp-content\/uploads\/2022\/03\/2021-11-28-La-Table-d_Ame\u0301lie-447_RS-e1646865259689.jpg\u00a0\u00bb background_position=\u00a0\u00bbbottom_center\u00a0\u00bb background_blend=\u00a0\u00bbmultiply\u00a0\u00bb height=\u00a0\u00bb400px\u00a0\u00bb global_colors_info=\u00a0\u00bb{%22gcid-b70b294a-e689-4d66-9c36-fb66723b4494%22:%91%22background_color%22%93}\u00a0\u00bb][\/et_pb_section][et_pb_section fb_built=\u00a0\u00bb1&Prime; admin_label=\u00a0\u00bbIntro\u00a0\u00bb _builder_version=\u00a0\u00bb4.16&Prime; _module_preset=\u00a0\u00bbdefault\u00a0\u00bb background_color=\u00a0\u00bbgcid-76e554d1-4a2d-4bd7-bf55-9a3108239d60&Prime; global_colors_info=\u00a0\u00bb{%22gcid-76e554d1-4a2d-4bd7-bf55-9a3108239d60%22:%91%22background_color%22%93}\u00a0\u00bb][et_pb_row _builder_version=\u00a0\u00bb4.16&Prime; _module_preset=\u00a0\u00bbdefault\u00a0\u00bb global_colors_info=\u00a0\u00bb{}\u00a0\u00bb][et_pb_column type=\u00a0\u00bb4_4&Prime; _builder_version=\u00a0\u00bb4.16&Prime; _module_preset=\u00a0\u00bbdefault\u00a0\u00bb global_colors_info=\u00a0\u00bb{}\u00a0\u00bb][et_pb_text _builder_version=\u00a0\u00bb4.27.4&Prime; _module_preset=\u00a0\u00bbdefault\u00a0\u00bb header_text_color=\u00a0\u00bbgcid-630f3cf0-04e7-4a6b-b2c0-36e50c583d59&Prime; text_orientation=\u00a0\u00bbcenter\u00a0\u00bb hover_enabled=\u00a0\u00bb0&Prime; global_colors_info=\u00a0\u00bb{%22gcid-630f3cf0-04e7-4a6b-b2c0-36e50c583d59%22:%91%22header_text_color%22%93}\u00a0\u00bb sticky_enabled=\u00a0\u00bb0&Prime;]<\/p>\n<h1>Thermomix<\/h1>\n<p><strong>Le TM7 est enfin arriv\u00e9 ! Les livraisons commencent mi-avril, premier arriv\u00e9, premier servi!<\/strong><\/p>\n<p>Cela fait d\u00e9j\u00e0 plus de 8 ans que je suis conseill\u00e8re pour le Thermomix.<br \/>Envie d\u2019assister \u00e0 une d\u00e9monstration?<br \/>Appelez-moi et on fixera un moment ensemble.<\/p>\n<p>[\/et_pb_text][\/et_pb_column][\/et_pb_row][\/et_pb_section][et_pb_section fb_built=\u00a0\u00bb1&Prime; admin_label=\u00a0\u00bbInfos pratiques\u00a0\u00bb _builder_version=\u00a0\u00bb4.16&Prime; _module_preset=\u00a0\u00bbdefault\u00a0\u00bb global_colors_info=\u00a0\u00bb{}\u00a0\u00bb][et_pb_row column_structure=\u00a0\u00bb2_5,3_5&Prime; make_equal=\u00a0\u00bbon\u00a0\u00bb _builder_version=\u00a0\u00bb4.16&Prime; _module_preset=\u00a0\u00bbdefault\u00a0\u00bb background_enable_color=\u00a0\u00bboff\u00a0\u00bb global_colors_info=\u00a0\u00bb{%22gcid-ee889639-7f66-4b14-bf30-a8a78f3f027f%22:%91%22background_color%22%93}\u00a0\u00bb][et_pb_column type=\u00a0\u00bb2_5&Prime; _builder_version=\u00a0\u00bb4.16&Prime; _module_preset=\u00a0\u00bbdefault\u00a0\u00bb custom_css_main_element=\u00a0\u00bbmargin: auto;\u00a0\u00bb global_colors_info=\u00a0\u00bb{}\u00a0\u00bb][et_pb_text _builder_version=\u00a0\u00bb4.16&Prime; _module_preset=\u00a0\u00bbdefault\u00a0\u00bb text_font=\u00a0\u00bb|700|||||||\u00a0\u00bb text_text_color=\u00a0\u00bb#FFFFFF\u00a0\u00bb text_font_size=\u00a0\u00bb18px\u00a0\u00bb background_color=\u00a0\u00bbrgba(140,140,140,0.53)\u00a0\u00bb background_image=\u00a0\u00bbhttps:\/\/latabledamelie.be\/wp-content\/uploads\/2022\/03\/2021-11-28-La-Table-d_Ame\u0301lie-428_RS.jpg\u00a0\u00bb background_blend=\u00a0\u00bbmultiply\u00a0\u00bb text_orientation=\u00a0\u00bbcenter\u00a0\u00bb background_layout=\u00a0\u00bbdark\u00a0\u00bb width=\u00a0\u00bb300px\u00a0\u00bb module_alignment=\u00a0\u00bbcenter\u00a0\u00bb height=\u00a0\u00bb300px\u00a0\u00bb custom_padding=\u00a0\u00bb80px||||false|false\u00a0\u00bb border_radii=\u00a0\u00bbon|100%|100%|100%|100%\u00a0\u00bb global_colors_info=\u00a0\u00bb{}\u00a0\u00bb][\/et_pb_text][\/et_pb_column][et_pb_column type=\u00a0\u00bb3_5&Prime; _builder_version=\u00a0\u00bb4.16&Prime; _module_preset=\u00a0\u00bbdefault\u00a0\u00bb custom_css_main_element=\u00a0\u00bbmargin: auto;\u00a0\u00bb global_colors_info=\u00a0\u00bb{}\u00a0\u00bb][et_pb_text _builder_version=\u00a0\u00bb4.16&Prime; _module_preset=\u00a0\u00bbdefault\u00a0\u00bb header_text_color=\u00a0\u00bbgcid-630f3cf0-04e7-4a6b-b2c0-36e50c583d59&Prime; global_colors_info=\u00a0\u00bb{%22gcid-630f3cf0-04e7-4a6b-b2c0-36e50c583d59%22:%91%22header_text_color%22%93}\u00a0\u00bb]<\/p>\n<h1>Informations pratiques<\/h1>\n<p>[\/et_pb_text][et_pb_text _builder_version=\u00a0\u00bb4.24.0&Prime; _module_preset=\u00a0\u00bbdefault\u00a0\u00bb global_colors_info=\u00a0\u00bb{}\u00a0\u00bb]<\/p>\n<p>Les d\u00e9monstrations se d\u00e9roulent chez moi \u00e0 Overijse. Je vous explique les fonctionnalit\u00e9s de l&rsquo;appareil, les trucs et astuces pour en profiter pleinement et on cuisine une recette rapide ensemble.<\/p>\n<p>[\/et_pb_text][et_pb_text _builder_version=\u00a0\u00bb4.16&Prime; _module_preset=\u00a0\u00bbdefault\u00a0\u00bb header_text_color=\u00a0\u00bbgcid-630f3cf0-04e7-4a6b-b2c0-36e50c583d59&Prime; global_colors_info=\u00a0\u00bb{%22gcid-630f3cf0-04e7-4a6b-b2c0-36e50c583d59%22:%91%22header_text_color%22%93}\u00a0\u00bb]<\/p>\n<h1>Le saviez-vous?<\/h1>\n<p>[\/et_pb_text][et_pb_text _builder_version=\u00a0\u00bb4.27.4&Prime; _module_preset=\u00a0\u00bbdefault\u00a0\u00bb header_text_color=\u00a0\u00bbgcid-630f3cf0-04e7-4a6b-b2c0-36e50c583d59&Prime; hover_enabled=\u00a0\u00bb0&Prime; global_colors_info=\u00a0\u00bb{%22gcid-630f3cf0-04e7-4a6b-b2c0-36e50c583d59%22:%91%22header_text_color%22%93}\u00a0\u00bb sticky_enabled=\u00a0\u00bb0&Prime;]<\/p>\n<p>Savez-vous que vous pouvez \u00e9galement commander votre Thermomix directement sur le webshop, et assister \u00e0 une d\u00e9monstration par la suite?<\/p>\n<p><strong>Les pr\u00e9commandes du tout nouveau TM7 se font via ce lien :<\/strong><br \/><a href=\"https:\/\/webshop.thermomixbenelux.com\/fr\/tm7\">https:\/\/webshop.thermomixbenelux.com\/fr\/tm7<\/a><\/p>\n<p><strong>Merci de mentionner mon nom: \u00ab\u00a0Boxho Am\u00e9lie\u00a0\u00bb dans la rubrique \u201cconseill\u00e8re\u201d!<\/strong> Et contactez-moi pour assister \u00e0 une d\u00e9monstration.<\/p>\n<p>[\/et_pb_text][\/et_pb_column][\/et_pb_row][\/et_pb_section][et_pb_section fb_built=\u00a0\u00bb1&Prime; _builder_version=\u00a0\u00bb4.16&Prime; _module_preset=\u00a0\u00bbdefault\u00a0\u00bb background_color=\u00a0\u00bbgcid-76e554d1-4a2d-4bd7-bf55-9a3108239d60&Prime; global_colors_info=\u00a0\u00bb{%22gcid-76e554d1-4a2d-4bd7-bf55-9a3108239d60%22:%91%22background_color%22%93}\u00a0\u00bb][et_pb_row column_structure=\u00a0\u00bb1_3,2_3&Prime; _builder_version=\u00a0\u00bb4.16&Prime; _module_preset=\u00a0\u00bbdefault\u00a0\u00bb background_enable_color=\u00a0\u00bboff\u00a0\u00bb global_colors_info=\u00a0\u00bb{%22gcid-ee889639-7f66-4b14-bf30-a8a78f3f027f%22:%91%22background_color%22%93}\u00a0\u00bb][et_pb_column type=\u00a0\u00bb1_3&Prime; _builder_version=\u00a0\u00bb4.16&Prime; _module_preset=\u00a0\u00bbdefault\u00a0\u00bb global_colors_info=\u00a0\u00bb{}\u00a0\u00bb][et_pb_text _builder_version=\u00a0\u00bb4.16&Prime; _module_preset=\u00a0\u00bbdefault\u00a0\u00bb text_font=\u00a0\u00bb|700|||||||\u00a0\u00bb text_text_color=\u00a0\u00bb#FFFFFF\u00a0\u00bb text_font_size=\u00a0\u00bb18px\u00a0\u00bb background_color=\u00a0\u00bbrgba(140,140,140,0.53)\u00a0\u00bb background_image=\u00a0\u00bbhttps:\/\/latabledamelie.be\/wp-content\/uploads\/2022\/03\/2021-11-28-La-Table-dAme\u0301lie-283_RS.jpg\u00a0\u00bb background_blend=\u00a0\u00bbmultiply\u00a0\u00bb text_orientation=\u00a0\u00bbcenter\u00a0\u00bb background_layout=\u00a0\u00bbdark\u00a0\u00bb width=\u00a0\u00bb250px\u00a0\u00bb module_alignment=\u00a0\u00bbcenter\u00a0\u00bb height=\u00a0\u00bb250px\u00a0\u00bb custom_padding=\u00a0\u00bb80px||||false|false\u00a0\u00bb border_radii=\u00a0\u00bbon|100%|100%|100%|100%\u00a0\u00bb global_colors_info=\u00a0\u00bb{}\u00a0\u00bb][\/et_pb_text][\/et_pb_column][et_pb_column type=\u00a0\u00bb2_3&Prime; _builder_version=\u00a0\u00bb4.16&Prime; _module_preset=\u00a0\u00bbdefault\u00a0\u00bb global_colors_info=\u00a0\u00bb{}\u00a0\u00bb][et_pb_text _builder_version=\u00a0\u00bb4.16&Prime; _module_preset=\u00a0\u00bbdefault\u00a0\u00bb header_text_color=\u00a0\u00bbgcid-630f3cf0-04e7-4a6b-b2c0-36e50c583d59&Prime; global_colors_info=\u00a0\u00bb{%22gcid-630f3cf0-04e7-4a6b-b2c0-36e50c583d59%22:%91%22header_text_color%22%93}\u00a0\u00bb]<\/p>\n<h1>Une demande particuli\u00e8re?<\/h1>\n<p>[\/et_pb_text][et_pb_text _builder_version=\u00a0\u00bb4.19.4&Prime; _module_preset=\u00a0\u00bbdefault\u00a0\u00bb global_colors_info=\u00a0\u00bb{}\u00a0\u00bb]<\/p>\n<p>Vous souhaitez organiser un petit ou grand \u00e9v\u00e9nement? Je n\u2019ai pas de formule toute faite.<br \/>Chaque demande est analys\u00e9e sur mesure.<br \/>Contactez-moi via ce formulaire ou par t\u00e9l\u00e9phone au 0486\/54.60.17<\/p>\n<p>[\/et_pb_text][et_pb_button button_url=\u00a0\u00bb@ET-DC@eyJkeW5hbWljIjp0cnVlLCJjb250ZW50IjoicG9zdF9saW5rX3VybF9wYWdlIiwic2V0dGluZ3MiOnsicG9zdF9pZCI6Ijg3MCJ9fQ==@\u00a0\u00bb button_text=\u00a0\u00bbContactez-moi\u00a0\u00bb button_alignment=\u00a0\u00bbleft\u00a0\u00bb _builder_version=\u00a0\u00bb4.16.1&Prime; _dynamic_attributes=\u00a0\u00bbbutton_url\u00a0\u00bb _module_preset=\u00a0\u00bbdefault\u00a0\u00bb global_colors_info=\u00a0\u00bb{%22gcid-630f3cf0-04e7-4a6b-b2c0-36e50c583d59%22:%91%22button_text_color%22,%22button_border_color%22%93}\u00a0\u00bb][\/et_pb_button][\/et_pb_column][\/et_pb_row][\/et_pb_section]<\/p>\n","protected":false},"excerpt":{"rendered":"<p>Thermomix Le TM7 est enfin arriv\u00e9 ! Les livraisons commencent mi-avril, premier arriv\u00e9, premier servi! Cela fait d\u00e9j\u00e0 plus de 8 ans que je suis conseill\u00e8re pour le Thermomix.Envie d\u2019assister \u00e0 une d\u00e9monstration?Appelez-moi et on fixera un moment ensemble.Informations pratiquesLes d\u00e9monstrations se d\u00e9roulent chez moi \u00e0 Overijse. Je vous explique les fonctionnalit\u00e9s de l&rsquo;appareil, les [&hellip;]<\/p>\n","protected":false},"author":1,"featured_media":0,"parent":0,"menu_order":0,"comment_status":"closed","ping_status":"closed","template":"","meta":{"_et_pb_use_builder":"on","_et_pb_old_content":"<!-- wp:divi\/placeholder \/-->","_et_gb_content_width":"","footnotes":""},"class_list":["post-21","page","type-page","status-publish","hentry"],"_links":{"self":[{"href":"https:\/\/latabledamelie.be\/nl\/wp-json\/wp\/v2\/pages\/21","targetHints":{"allow":["GET"]}}],"collection":[{"href":"https:\/\/latabledamelie.be\/nl\/wp-json\/wp\/v2\/pages"}],"about":[{"href":"https:\/\/latabledamelie.be\/nl\/wp-json\/wp\/v2\/types\/page"}],"author":[{"embeddable":true,"href":"https:\/\/latabledamelie.be\/nl\/wp-json\/wp\/v2\/users\/1"}],"replies":[{"embeddable":true,"href":"https:\/\/latabledamelie.be\/nl\/wp-json\/wp\/v2\/comments?post=21"}],"version-history":[{"count":20,"href":"https:\/\/latabledamelie.be\/nl\/wp-json\/wp\/v2\/pages\/21\/revisions"}],"predecessor-version":[{"id":3179,"href":"https:\/\/latabledamelie.be\/nl\/wp-json\/wp\/v2\/pages\/21\/revisions\/3179"}],"wp:attachment":[{"href":"https:\/\/latabledamelie.be\/nl\/wp-json\/wp\/v2\/media?parent=21"}],"curies":[{"name":"wp","href":"https:\/\/api.w.org\/{rel}","templated":true}]}}