{"id":143,"date":"2021-10-25T22:04:10","date_gmt":"2021-10-25T20:04:10","guid":{"rendered":"https:\/\/latabledamelie.be\/?post_type=product&#038;p=143"},"modified":"2023-12-15T11:30:47","modified_gmt":"2023-12-15T10:30:47","slug":"forever-young","status":"publish","type":"product","link":"https:\/\/latabledamelie.be\/nl\/product\/forever-young\/","title":{"rendered":"Forever Young"},"content":{"rendered":"<h5>Carrot \u2013 ginger<\/h5>\n<p>Een Kombucha op smaak gebracht met wortel- en gembersap, perfect om je kennismaking met dit magische drankje te beginnen. Licht sprankelend, zoet en kruidig dankzij verse gember, je zult er dol op zijn!<\/p>","protected":false},"excerpt":{"rendered":"<p>Kombucha met wortel en gember: een kombucha met wortel- en gembersap, perfect om je ontdekkingsreis met deze magische drank te beginnen. Licht sprankelend, zoet en pittig dankzij de verse gember, je zult er dol op zijn!<\/p>","protected":false},"featured_media":767,"template":"","meta":{"_et_pb_use_builder":"off","_et_pb_old_content":"Carrot - ginger\r\nUn Kombucha aromatis\u00e9 au jus de carottes et gingembre, parfait pour commencer votre initiation \u00e0 cette boisson magique. L\u00e9g\u00e8rement p\u00e9tillante, sucr\u00e9e et relev\u00e9e gr\u00e2ce au gingembre frais, vous allez l'adorer!","_et_gb_content_width":""},"product_brand":[],"product_cat":[17],"product_tag":[],"class_list":{"0":"post-143","1":"product","2":"type-product","3":"status-publish","4":"has-post-thumbnail","6":"product_cat-joys-kombucha","8":"first","9":"outofstock","10":"taxable","11":"shipping-taxable","12":"purchasable","13":"product-type-variable"},"_links":{"self":[{"href":"https:\/\/latabledamelie.be\/nl\/wp-json\/wp\/v2\/product\/143","targetHints":{"allow":["GET"]}}],"collection":[{"href":"https:\/\/latabledamelie.be\/nl\/wp-json\/wp\/v2\/product"}],"about":[{"href":"https:\/\/latabledamelie.be\/nl\/wp-json\/wp\/v2\/types\/product"}],"wp:featuredmedia":[{"embeddable":true,"href":"https:\/\/latabledamelie.be\/nl\/wp-json\/wp\/v2\/media\/767"}],"wp:attachment":[{"href":"https:\/\/latabledamelie.be\/nl\/wp-json\/wp\/v2\/media?parent=143"}],"wp:term":[{"taxonomy":"product_brand","embeddable":true,"href":"https:\/\/latabledamelie.be\/nl\/wp-json\/wp\/v2\/product_brand?post=143"},{"taxonomy":"product_cat","embeddable":true,"href":"https:\/\/latabledamelie.be\/nl\/wp-json\/wp\/v2\/product_cat?post=143"},{"taxonomy":"product_tag","embeddable":true,"href":"https:\/\/latabledamelie.be\/nl\/wp-json\/wp\/v2\/product_tag?post=143"}],"curies":[{"name":"wp","href":"https:\/\/api.w.org\/{rel}","templated":true}]}}