{"id":1441,"date":"2023-01-07T22:23:04","date_gmt":"2023-01-07T21:23:04","guid":{"rendered":"https:\/\/latabledamelie.be\/?post_type=product&#038;p=1441"},"modified":"2023-03-10T11:39:23","modified_gmt":"2023-03-10T10:39:23","slug":"dimanche-26-fevrier-2023","status":"publish","type":"product","link":"https:\/\/latabledamelie.be\/nl\/product\/dimanche-26-fevrier-2023\/","title":{"rendered":"zondag 26 februari 2023"},"content":{"rendered":"<p><strong>menu:<\/strong><\/p>\n<p>zuurdesem wafels<br \/>\nGezouten boter karamel<br \/>\nTiramisu<br \/>\nYoghurt met chiazaden en chocolade granola\t\t\t<\/p>\n<p>Libanese tabouleh, falafels en tahinsaus<br \/>\nKipburgers met prei en yoghurtsaus<br \/>\nSpinaziesalade, geroosterde groenten, feta, pompoenpitten\t\t\t<\/p>\n<p>Zuurdesem toast<\/p>\n<p>Sap<br \/>\nKomboecha<\/p>\n<p>Prijs per persoon: 30 \u20ac<br \/>\n(verpakking per portie van 2 of 3 personen)<\/p>\n<p>Portie voor jonge kinderen (enkel het zoete gedeelte en een vruchtensap): \u20ac 15\/kind<\/p>\n<p>NIEUW: mogelijkheid om een brunch te bestellen met herbruikbare glascontainers (\u20ac 5 statiegeld\/mand voor 2 personen te voorzien en ter plaatse contant te betalen)<\/p>\n<p>Alles is huisgemaakt en met kwaliteitsproducten, veelal van biologische en\/of lokale landbouw<\/p>\n<p><strong>Opname :<\/strong><br \/>\n\u2013 Overijse (Drogenberg 55A): tussen 9.30 en 11.30 uur<br \/>\n\u2013 Sint-Genesius-Rode (Av des Erables 38B): tussen 10u en 11u<br \/>\n\u2013 Kraainem (Avenue des Tarins 3A): tussen 10u en 11u<br \/>\nVoor vrijdagmiddag te bestellen. (Geef afhaallocatie aan)<\/p>","protected":false},"excerpt":{"rendered":"<p>Menu : Gaufres au levain Caramel au beurre sal\u00e9 Tiramisu Yaourt aux graines de chia et granola au chocolat Taboul\u00e9 \u00e0 la libanaise, falafels et sauce tahin Petits burgers de volaille aux poireaux et sauce yaourt Salade d&rsquo;\u00e9pinards, l\u00e9gumes r\u00f4tis, f\u00e9ta, graines de courge Tartines au levain Jus de fruits Kombucha Prix par personne: 30 [&hellip;]<\/p>\n","protected":false},"featured_media":780,"template":"","meta":{"_et_pb_use_builder":"","_et_pb_old_content":"","_et_gb_content_width":""},"product_brand":[],"product_cat":[18],"product_tag":[],"class_list":{"0":"post-1441","1":"product","2":"type-product","3":"status-publish","4":"has-post-thumbnail","6":"product_cat-brunch-to-go","8":"first","9":"instock","10":"taxable","11":"shipping-taxable","12":"purchasable","13":"product-type-variable","14":"has-default-attributes"},"_links":{"self":[{"href":"https:\/\/latabledamelie.be\/nl\/wp-json\/wp\/v2\/product\/1441","targetHints":{"allow":["GET"]}}],"collection":[{"href":"https:\/\/latabledamelie.be\/nl\/wp-json\/wp\/v2\/product"}],"about":[{"href":"https:\/\/latabledamelie.be\/nl\/wp-json\/wp\/v2\/types\/product"}],"wp:featuredmedia":[{"embeddable":true,"href":"https:\/\/latabledamelie.be\/nl\/wp-json\/wp\/v2\/media\/780"}],"wp:attachment":[{"href":"https:\/\/latabledamelie.be\/nl\/wp-json\/wp\/v2\/media?parent=1441"}],"wp:term":[{"taxonomy":"product_brand","embeddable":true,"href":"https:\/\/latabledamelie.be\/nl\/wp-json\/wp\/v2\/product_brand?post=1441"},{"taxonomy":"product_cat","embeddable":true,"href":"https:\/\/latabledamelie.be\/nl\/wp-json\/wp\/v2\/product_cat?post=1441"},{"taxonomy":"product_tag","embeddable":true,"href":"https:\/\/latabledamelie.be\/nl\/wp-json\/wp\/v2\/product_tag?post=1441"}],"curies":[{"name":"wp","href":"https:\/\/api.w.org\/{rel}","templated":true}]}}