{"id":1448,"date":"2023-01-07T22:23:46","date_gmt":"2023-01-07T21:23:46","guid":{"rendered":"https:\/\/latabledamelie.be\/?post_type=product&#038;p=1448"},"modified":"2023-04-17T22:03:33","modified_gmt":"2023-04-17T20:03:33","slug":"dimanche-19-mars-2023","status":"publish","type":"product","link":"https:\/\/latabledamelie.be\/nl\/product\/dimanche-19-mars-2023\/","title":{"rendered":"zondag 19 maart 2023"},"content":{"rendered":"<p><strong>menu:<\/strong><\/p>\n<p>zuurdesem wafel<br \/>\nGezouten boter karamel<br \/>\nCheesecake zoals in New York<br \/>\nYoghurt met chiazaad, mango en granola<\/p>\n<p>Shakshuka met zoete aardappelen, feta en gebakken ei<br \/>\nParelcouscous, geroosterde uien, gekonfijte tomaten<br \/>\nkikkererwtenhummus met zaatar<br \/>\nGebakken focaccia van knoflook en tijm<br \/>\nZuurdesembrood<\/p>\n<p class=\"translation-block\">Biologisch vruchtensap<br>\nKombucha<\/p>\n<p>Prijs per persoon: 30 \u20ac<br \/>\n(verpakking per portie van 2 of 3 personen)<\/p>\n<p>Portie voor jonge kinderen (enkel het zoete gedeelte en een vruchtensap): \u20ac 15\/kind<\/p>\n<p>NIEUW: mogelijkheid om een brunch te bestellen met herbruikbare glascontainers (\u20ac 5 statiegeld\/mand voor 2 personen te voorzien en ter plaatse contant te betalen)<\/p>\n<p>Alles is huisgemaakt en met kwaliteitsproducten, veelal van biologische en\/of lokale landbouw<\/p>\n<p><strong>Opname :<\/strong><br \/>\n\u2013 Overijse (Drogenberg 55A): tussen 9.30 en 11.30 uur<br \/>\n\u2013 Sint-Genesius-Rode (Av des Erables 38B): tussen 10u en 11u<br \/>\n\u2013 Kraainem (Avenue des Tarins 3A): tussen 10u en 11u<br \/>\nVoor vrijdagmiddag te bestellen. (Geef afhaallocatie aan)<\/p>","protected":false},"excerpt":{"rendered":"<p>Menu : Gaufre au levain Caramel au beurre sal\u00e9 Cheesecake comme \u00e0 New York Yaourt aux graines de chia, mangue et granola Shakshuka aux patates douces, f\u00e9ta et oeuf sur le plat Couscous perl\u00e9, oignons r\u00f4tis, tomates confites hummus de pois chiches au zaatar Focaccia \u00e0 l&rsquo;ail frit et au thym Pain au levain Jus [&hellip;]<\/p>\n","protected":false},"featured_media":780,"template":"","meta":{"_et_pb_use_builder":"","_et_pb_old_content":"","_et_gb_content_width":""},"product_brand":[],"product_cat":[18],"product_tag":[],"class_list":{"0":"post-1448","1":"product","2":"type-product","3":"status-publish","4":"has-post-thumbnail","6":"product_cat-brunch-to-go","7":"product_shipping_class-brunch_to_go","9":"first","10":"instock","11":"taxable","12":"shipping-taxable","13":"purchasable","14":"product-type-variable","15":"has-default-attributes"},"_links":{"self":[{"href":"https:\/\/latabledamelie.be\/nl\/wp-json\/wp\/v2\/product\/1448","targetHints":{"allow":["GET"]}}],"collection":[{"href":"https:\/\/latabledamelie.be\/nl\/wp-json\/wp\/v2\/product"}],"about":[{"href":"https:\/\/latabledamelie.be\/nl\/wp-json\/wp\/v2\/types\/product"}],"wp:featuredmedia":[{"embeddable":true,"href":"https:\/\/latabledamelie.be\/nl\/wp-json\/wp\/v2\/media\/780"}],"wp:attachment":[{"href":"https:\/\/latabledamelie.be\/nl\/wp-json\/wp\/v2\/media?parent=1448"}],"wp:term":[{"taxonomy":"product_brand","embeddable":true,"href":"https:\/\/latabledamelie.be\/nl\/wp-json\/wp\/v2\/product_brand?post=1448"},{"taxonomy":"product_cat","embeddable":true,"href":"https:\/\/latabledamelie.be\/nl\/wp-json\/wp\/v2\/product_cat?post=1448"},{"taxonomy":"product_tag","embeddable":true,"href":"https:\/\/latabledamelie.be\/nl\/wp-json\/wp\/v2\/product_tag?post=1448"}],"curies":[{"name":"wp","href":"https:\/\/api.w.org\/{rel}","templated":true}]}}