{"id":1469,"date":"2023-01-07T22:26:23","date_gmt":"2023-01-07T21:26:23","guid":{"rendered":"https:\/\/latabledamelie.be\/?post_type=product&#038;p=1469"},"modified":"2023-06-09T11:07:11","modified_gmt":"2023-06-09T09:07:11","slug":"dimanche-11-juin-2023-fete-des-peres","status":"publish","type":"product","link":"https:\/\/latabledamelie.be\/nl\/product\/dimanche-11-juin-2023-fete-des-peres\/","title":{"rendered":"zondag 11 juni 2023 *Vaderdag*"},"content":{"rendered":"<p><strong>menu:<\/strong><\/p>\n<p>Extra mild gerookte zalm, peterselie en citroen<br \/>\nBurrata, geroosterde perziken, waterkers, frambozen<br \/>\nParelcouscous, gekarameliseerde uien, gekonfijte tomaten en verse kruiden<br \/>\nWatermeloensalade, munt, feta, kalamata-olijven<\/p>\n<p>zuurdesem wafels<br \/>\nZoete slagroom<br \/>\nAardbeien salade<br \/>\nChocoladetaart<br \/>\nZuurdesem broodje<\/p>\n<p>Sap<br \/>\nKomboecha<\/p>\n<p>Prijs per persoon: 30 \u20ac<br \/>\n(verpakking per portie van 2 of 3 personen)<\/p>\n<p>Portie voor jonge kinderen (enkel het zoete gedeelte en een vruchtensap): \u20ac 15\/kind<\/p>\n<p>NIEUW: mogelijkheid om een brunch te bestellen met herbruikbare glascontainers (\u20ac 5 statiegeld\/mand voor 2 personen te voorzien en ter plaatse contant te betalen)<\/p>\n<p>Alles is huisgemaakt en met kwaliteitsproducten, veelal van biologische en\/of lokale landbouw<\/p>\n<p><strong>Opname :<\/strong><br \/>\n\u2013 Overijse (Drogenberg 55A): tussen 9.30 en 11.30 uur<br \/>\n\u2013 Sint-Genesius-Rode (Av des Erables 38B): tussen 10u en 11u<br \/>\n\u2013 Kraainem (Avenue des Tarins 3A): tussen 10u en 11u<br \/>\nVoor vrijdagmiddag te bestellen. (Geef afhaallocatie aan)<\/p>","protected":false},"excerpt":{"rendered":"<p>Menu : Saumon fum\u00e9 extra doux, persil et citron Burrata, p\u00eaches r\u00f4ties, cresson, framboises Couscous perl\u00e9, oignons caram\u00e9lis\u00e9s, tomates confites, et herbes fra\u00eeches Salade de past\u00e8que, menthe, f\u00e9ta, olives kalamata Gaufres au levain Chantilly Salade de fraises Moelleux au chocolat Petit pain au levain Jus de fruits Kombucha Prix par personne: 30 \u20ac (conditionnement par [&hellip;]<\/p>\n","protected":false},"featured_media":780,"template":"","meta":{"_et_pb_use_builder":"","_et_pb_old_content":"","_et_gb_content_width":""},"product_brand":[],"product_cat":[18],"product_tag":[],"class_list":{"0":"post-1469","1":"product","2":"type-product","3":"status-publish","4":"has-post-thumbnail","6":"product_cat-brunch-to-go","8":"first","9":"onbackorder","10":"taxable","11":"shipping-taxable","12":"purchasable","13":"product-type-variable","14":"has-default-attributes"},"_links":{"self":[{"href":"https:\/\/latabledamelie.be\/nl\/wp-json\/wp\/v2\/product\/1469","targetHints":{"allow":["GET"]}}],"collection":[{"href":"https:\/\/latabledamelie.be\/nl\/wp-json\/wp\/v2\/product"}],"about":[{"href":"https:\/\/latabledamelie.be\/nl\/wp-json\/wp\/v2\/types\/product"}],"wp:featuredmedia":[{"embeddable":true,"href":"https:\/\/latabledamelie.be\/nl\/wp-json\/wp\/v2\/media\/780"}],"wp:attachment":[{"href":"https:\/\/latabledamelie.be\/nl\/wp-json\/wp\/v2\/media?parent=1469"}],"wp:term":[{"taxonomy":"product_brand","embeddable":true,"href":"https:\/\/latabledamelie.be\/nl\/wp-json\/wp\/v2\/product_brand?post=1469"},{"taxonomy":"product_cat","embeddable":true,"href":"https:\/\/latabledamelie.be\/nl\/wp-json\/wp\/v2\/product_cat?post=1469"},{"taxonomy":"product_tag","embeddable":true,"href":"https:\/\/latabledamelie.be\/nl\/wp-json\/wp\/v2\/product_tag?post=1469"}],"curies":[{"name":"wp","href":"https:\/\/api.w.org\/{rel}","templated":true}]}}