{"id":2014,"date":"2023-08-22T11:18:26","date_gmt":"2023-08-22T09:18:26","guid":{"rendered":"https:\/\/latabledamelie.be\/?post_type=product&#038;p=2014"},"modified":"2023-08-26T12:11:18","modified_gmt":"2023-08-26T10:11:18","slug":"dimanche-27-aout-2023-sur-overijse-uniquement","status":"publish","type":"product","link":"https:\/\/latabledamelie.be\/nl\/product\/dimanche-27-aout-2023-sur-overijse-uniquement\/","title":{"rendered":"Zondag 27 augustus 2023 (enkel op Overijse)"},"content":{"rendered":"<p><strong>menu:<\/strong><\/p>\n<p>Burrata, gegrilde courgette, tomaten, rucola, pijnboompitten<br \/>\nQuinoasalade, perziken, geroosterde zoete aardappelen, bonen, gegrilde hazelnoten<br \/>\nGegrilde aubergine met zwarte knoflook en yoghurtsaus<br \/>\nZaatar Kikkererwten Hummus<\/p>\n<p>zuurdesem wafels<br \/>\nZoete slagroom<br \/>\nFruit salade<br \/>\nChocolade- en notenkoekjes<br \/>\nStokbrood<\/p>\n<p>Sap<br \/>\nKomboecha<\/p>\n<p>Prijs per persoon: 30 \u20ac<br \/>\n(verpakking per portie van 2 of 3 personen)<\/p>\n<p>Portie voor jonge kinderen (enkel het zoete gedeelte en een vruchtensap): \u20ac 15\/kind<\/p>\n<p>NIEUW: mogelijkheid om een brunch te bestellen met herbruikbare glascontainers (\u20ac 5 statiegeld\/mand voor 2 personen te voorzien en ter plaatse contant te betalen)<\/p>\n<p>Alles is huisgemaakt en met kwaliteitsproducten, veelal van biologische en\/of lokale landbouw<\/p>\n<p><strong>Opname :<\/strong><br \/>\n\u2013 Overijse (Drogenberg 55A): tussen 9.30 en 11.00 uur<\/p>\n<p>Te bestellen v\u00f3\u00f3r vrijdagmiddag.<\/p>","protected":false},"excerpt":{"rendered":"<p>Menu : Burrata, courgettes grill\u00e9es, tomates, roquette, pignons Salade de quinoa, p\u00eaches, patates douces r\u00f4ties, haricots, noisettes grill\u00e9es Aubergines grill\u00e9es \u00e0 l&rsquo;ail noir et sauce yaourt Hummus de pois chiches au zaatar Gaufres au levain Chantilly Salade de fruits Cookies au chocolat et noix Baguette Jus de fruits Kombucha Prix par personne: 30 \u20ac (conditionnement [&hellip;]<\/p>\n","protected":false},"featured_media":780,"template":"","meta":{"_et_pb_use_builder":"","_et_pb_old_content":"","_et_gb_content_width":""},"product_brand":[],"product_cat":[18],"product_tag":[],"class_list":{"0":"post-2014","1":"product","2":"type-product","3":"status-publish","4":"has-post-thumbnail","6":"product_cat-brunch-to-go","8":"first","9":"onbackorder","10":"taxable","11":"shipping-taxable","12":"purchasable","13":"product-type-variable","14":"has-default-attributes"},"_links":{"self":[{"href":"https:\/\/latabledamelie.be\/nl\/wp-json\/wp\/v2\/product\/2014","targetHints":{"allow":["GET"]}}],"collection":[{"href":"https:\/\/latabledamelie.be\/nl\/wp-json\/wp\/v2\/product"}],"about":[{"href":"https:\/\/latabledamelie.be\/nl\/wp-json\/wp\/v2\/types\/product"}],"wp:featuredmedia":[{"embeddable":true,"href":"https:\/\/latabledamelie.be\/nl\/wp-json\/wp\/v2\/media\/780"}],"wp:attachment":[{"href":"https:\/\/latabledamelie.be\/nl\/wp-json\/wp\/v2\/media?parent=2014"}],"wp:term":[{"taxonomy":"product_brand","embeddable":true,"href":"https:\/\/latabledamelie.be\/nl\/wp-json\/wp\/v2\/product_brand?post=2014"},{"taxonomy":"product_cat","embeddable":true,"href":"https:\/\/latabledamelie.be\/nl\/wp-json\/wp\/v2\/product_cat?post=2014"},{"taxonomy":"product_tag","embeddable":true,"href":"https:\/\/latabledamelie.be\/nl\/wp-json\/wp\/v2\/product_tag?post=2014"}],"curies":[{"name":"wp","href":"https:\/\/api.w.org\/{rel}","templated":true}]}}