{"id":2077,"date":"2023-09-08T14:58:08","date_gmt":"2023-09-08T12:58:08","guid":{"rendered":"https:\/\/latabledamelie.be\/?post_type=product&#038;p=2077"},"modified":"2023-10-14T10:02:11","modified_gmt":"2023-10-14T08:02:11","slug":"dimanche-24-septembre-2023","status":"publish","type":"product","link":"https:\/\/latabledamelie.be\/nl\/product\/dimanche-24-septembre-2023\/","title":{"rendered":"Zondag 24 september 2023"},"content":{"rendered":"<p><strong>menu:<\/strong><\/p>\n<p>Burrata-roomtaartje, rucola-pesto en kerstomaatjes<br \/>\nKreeftrol opnieuw bekeken met grijze garnalen<br \/>\nBeluga-linzensalade met kruiden<br \/>\nWatermeloensalade, munt, feta, Kalamata-olijven<\/p>\n<p>zuurdesem wafels<br \/>\nChantilly en gezouten boterkaramel<br \/>\nFruit salade<br \/>\nBrookies (tussen brownie en koekje)<br \/>\nBrood<\/p>\n<p>Detoxwater<br \/>\nKomboecha<\/p>\n<p>Portie jonge kinderen (enkel het zoete gedeelte en vruchtensap): \u20ac15\/kindPrijs per persoon: \u20ac30<br \/>\n(verpakking per portie van 2 of 3 personen)<\/p>\n<p>NIEUW: mogelijkheid om een brunch te bestellen met herbruikbare glascontainers (\u20ac 5 statiegeld\/mand voor 2 personen te voorzien en ter plaatse contant te betalen)<\/p>\n<p>Alles is huisgemaakt en met kwaliteitsproducten, veelal van biologische en\/of lokale landbouw<\/p>\n<p><strong>Opname :<\/strong><br \/>\n\u2013 Overijse (Drogenberg 55A): tussen 9.30 en 11.00 uur<br \/>\n\u2013 Sint-Genesius-Rode (Av des Erables 38B): tussen 10u en 11u<br \/>\n\u2013 Kraainem (Avenue des Tarins 3A): tussen 10u en 11u<br \/>\nTe bestellen v\u00f3\u00f3r vrijdagmiddag.<\/p>","protected":false},"excerpt":{"rendered":"<p>Menu : Tartelette cr\u00e8me de burrata, pesto de roquette et tomates cerises Lobster roll revisit\u00e9 aux crevettes grises Salade de lentilles beluga aux herbes Salade de past\u00e8que, menthe, f\u00e9ta, olives Kalamata Gaufres au levain Chantilly et caramel beurre sal\u00e9 Salade de fruits Brookies (entre brownie et cookie) Pain Eau d\u00e9tox Kombucha Portion jeunes enfants (uniquement [&hellip;]<\/p>\n","protected":false},"featured_media":780,"template":"","meta":{"_et_pb_use_builder":"","_et_pb_old_content":"","_et_gb_content_width":""},"product_brand":[],"product_cat":[18],"product_tag":[],"class_list":{"0":"post-2077","1":"product","2":"type-product","3":"status-publish","4":"has-post-thumbnail","6":"product_cat-brunch-to-go","8":"first","9":"outofstock","10":"taxable","11":"shipping-taxable","12":"purchasable","13":"product-type-variable","14":"has-default-attributes"},"_links":{"self":[{"href":"https:\/\/latabledamelie.be\/nl\/wp-json\/wp\/v2\/product\/2077","targetHints":{"allow":["GET"]}}],"collection":[{"href":"https:\/\/latabledamelie.be\/nl\/wp-json\/wp\/v2\/product"}],"about":[{"href":"https:\/\/latabledamelie.be\/nl\/wp-json\/wp\/v2\/types\/product"}],"wp:featuredmedia":[{"embeddable":true,"href":"https:\/\/latabledamelie.be\/nl\/wp-json\/wp\/v2\/media\/780"}],"wp:attachment":[{"href":"https:\/\/latabledamelie.be\/nl\/wp-json\/wp\/v2\/media?parent=2077"}],"wp:term":[{"taxonomy":"product_brand","embeddable":true,"href":"https:\/\/latabledamelie.be\/nl\/wp-json\/wp\/v2\/product_brand?post=2077"},{"taxonomy":"product_cat","embeddable":true,"href":"https:\/\/latabledamelie.be\/nl\/wp-json\/wp\/v2\/product_cat?post=2077"},{"taxonomy":"product_tag","embeddable":true,"href":"https:\/\/latabledamelie.be\/nl\/wp-json\/wp\/v2\/product_tag?post=2077"}],"curies":[{"name":"wp","href":"https:\/\/api.w.org\/{rel}","templated":true}]}}