{"id":2151,"date":"2023-09-26T18:26:29","date_gmt":"2023-09-26T16:26:29","guid":{"rendered":"https:\/\/latabledamelie.be\/?post_type=product&#038;p=2151"},"modified":"2023-10-13T15:19:29","modified_gmt":"2023-10-13T13:19:29","slug":"dimanche-14-octobre-2023","status":"publish","type":"product","link":"https:\/\/latabledamelie.be\/nl\/product\/dimanche-14-octobre-2023\/","title":{"rendered":"Zondag 14 oktober 2023"},"content":{"rendered":"<p><strong>menu:<\/strong><\/p>\n<p>Sudderen<\/p>\n<p>Prijs per persoon: 30 \u20ac<\/p>\n<p>Portie voor jonge kinderen (enkel het zoete gedeelte en een vruchtensap): \u20ac 15\/kind<br \/>\n(verpakking per portie van 2 of 3 personen)<\/p>\n<p>NIEUW: mogelijkheid om een brunch te bestellen met herbruikbare glascontainers (\u20ac 5 statiegeld\/mand voor 2 personen te voorzien en ter plaatse contant te betalen)<\/p>\n<p>Alles is huisgemaakt en met kwaliteitsproducten, veelal van biologische en\/of lokale landbouw<\/p>\n<p><strong>Opname :<\/strong><br \/>\n\u2013 Overijse (Drogenberg 55A): tussen 9.30 en 11.00 uur<br \/>\n\u2013 Sint-Genesius-Rode (Av des Erables 38B): tussen 10u en 11u<br \/>\n\u2013 Kraainem (Avenue des Tarins 3A): tussen 10u en 11u<br \/>\nTe bestellen v\u00f3\u00f3r vrijdagmiddag.<\/p>","protected":false},"excerpt":{"rendered":"<p>Menu : En mijotage Prix par personne: 30 \u20ac Portion jeunes enfants (uniquement la partie sucr\u00e9e et un jus de fruit): 15 \u20ac\/enfant (conditionnement par portion de 2 ou 3 personnes) NEW: possibilit\u00e9 de commander un brunch avec contenants en verre consign\u00e9s (5 \u20ac de consigne\/panier de 2 pers \u00e0 pr\u00e9voir en plus \u00e0 payer [&hellip;]<\/p>\n","protected":false},"featured_media":780,"template":"","meta":{"_et_pb_use_builder":"","_et_pb_old_content":"","_et_gb_content_width":""},"product_brand":[],"product_cat":[18],"product_tag":[],"class_list":{"0":"post-2151","1":"product","2":"type-product","3":"status-publish","4":"has-post-thumbnail","6":"product_cat-brunch-to-go","8":"first","9":"outofstock","10":"taxable","11":"shipping-taxable","12":"purchasable","13":"product-type-variable","14":"has-default-attributes"},"_links":{"self":[{"href":"https:\/\/latabledamelie.be\/nl\/wp-json\/wp\/v2\/product\/2151","targetHints":{"allow":["GET"]}}],"collection":[{"href":"https:\/\/latabledamelie.be\/nl\/wp-json\/wp\/v2\/product"}],"about":[{"href":"https:\/\/latabledamelie.be\/nl\/wp-json\/wp\/v2\/types\/product"}],"wp:featuredmedia":[{"embeddable":true,"href":"https:\/\/latabledamelie.be\/nl\/wp-json\/wp\/v2\/media\/780"}],"wp:attachment":[{"href":"https:\/\/latabledamelie.be\/nl\/wp-json\/wp\/v2\/media?parent=2151"}],"wp:term":[{"taxonomy":"product_brand","embeddable":true,"href":"https:\/\/latabledamelie.be\/nl\/wp-json\/wp\/v2\/product_brand?post=2151"},{"taxonomy":"product_cat","embeddable":true,"href":"https:\/\/latabledamelie.be\/nl\/wp-json\/wp\/v2\/product_cat?post=2151"},{"taxonomy":"product_tag","embeddable":true,"href":"https:\/\/latabledamelie.be\/nl\/wp-json\/wp\/v2\/product_tag?post=2151"}],"curies":[{"name":"wp","href":"https:\/\/api.w.org\/{rel}","templated":true}]}}