{"id":2158,"date":"2023-09-26T18:28:41","date_gmt":"2023-09-26T16:28:41","guid":{"rendered":"https:\/\/latabledamelie.be\/?post_type=product&#038;p=2158"},"modified":"2023-10-18T21:12:31","modified_gmt":"2023-10-18T19:12:31","slug":"dimanche-29-octobre-2023-brunch-dans-un-lieu-insolite","status":"publish","type":"product","link":"https:\/\/latabledamelie.be\/nl\/product\/dimanche-29-octobre-2023-brunch-dans-un-lieu-insolite\/","title":{"rendered":"Zondag 29 oktober 2023 \u2013 Brunch in de kas op FEST"},"content":{"rendered":"<p><strong>menu:<\/strong><\/p>\n<p>Verrassing!<\/p>\n<p>Prijs: \u20ac39 per persoon (zout \u2013 zoet buffet, thee, koffie, sap, onbeperkt)<\/p>\n<p>Twee tijdslots: 11.00 uur of 13.00 uur<\/p>\n<p><strong>Vermeld bij de opmerkingen welke slots u wilt reserveren.<\/strong><\/p>\n<p>Adres: FEST, Hoeilaartsesteenweg 253.<\/p>\n<p>Alles is huisgemaakt en met kwaliteitsproducten, veelal van biologische en\/of lokale landbouw<\/p>\n<p><strong>Neem warme kleding en goede schoenen mee. Er zullen dekens aanwezig zijn en een open haard buiten de kas om warm te blijven.<\/strong><\/p>","protected":false},"excerpt":{"rendered":"<p>Menu : Surprise! Prix: 39 \u20ac par personne (buffet sal\u00e9 &#8211; sucr\u00e9, th\u00e9, caf\u00e9, jus, \u00e0 volont\u00e9) Deux cr\u00e9neaux horaires: 11 heures ou 13 heures Merci de mentionner en commentaire quel cr\u00e9neaux vous souhaitez r\u00e9server. Adresse: FEST, Hoeilaartsesteenweg 253. Tout est fait maison et avec des produits de qualit\u00e9, en grande partie issus de l\u2019agriculture [&hellip;]<\/p>\n","protected":false},"featured_media":2274,"template":"","meta":{"_et_pb_use_builder":"","_et_pb_old_content":"","_et_gb_content_width":""},"product_brand":[],"product_cat":[18],"product_tag":[],"class_list":{"0":"post-2158","1":"product","2":"type-product","3":"status-publish","4":"has-post-thumbnail","6":"product_cat-brunch-to-go","8":"first","9":"instock","10":"taxable","11":"shipping-taxable","12":"purchasable","13":"product-type-variable"},"_links":{"self":[{"href":"https:\/\/latabledamelie.be\/nl\/wp-json\/wp\/v2\/product\/2158","targetHints":{"allow":["GET"]}}],"collection":[{"href":"https:\/\/latabledamelie.be\/nl\/wp-json\/wp\/v2\/product"}],"about":[{"href":"https:\/\/latabledamelie.be\/nl\/wp-json\/wp\/v2\/types\/product"}],"wp:featuredmedia":[{"embeddable":true,"href":"https:\/\/latabledamelie.be\/nl\/wp-json\/wp\/v2\/media\/2274"}],"wp:attachment":[{"href":"https:\/\/latabledamelie.be\/nl\/wp-json\/wp\/v2\/media?parent=2158"}],"wp:term":[{"taxonomy":"product_brand","embeddable":true,"href":"https:\/\/latabledamelie.be\/nl\/wp-json\/wp\/v2\/product_brand?post=2158"},{"taxonomy":"product_cat","embeddable":true,"href":"https:\/\/latabledamelie.be\/nl\/wp-json\/wp\/v2\/product_cat?post=2158"},{"taxonomy":"product_tag","embeddable":true,"href":"https:\/\/latabledamelie.be\/nl\/wp-json\/wp\/v2\/product_tag?post=2158"}],"curies":[{"name":"wp","href":"https:\/\/api.w.org\/{rel}","templated":true}]}}