{"id":2553,"date":"2024-01-25T22:28:52","date_gmt":"2024-01-25T21:28:52","guid":{"rendered":"https:\/\/latabledamelie.be\/?post_type=product&#038;p=2553"},"modified":"2024-02-02T20:04:20","modified_gmt":"2024-02-02T19:04:20","slug":"dimanche-4-fevrier-2024","status":"publish","type":"product","link":"https:\/\/latabledamelie.be\/nl\/product\/dimanche-4-fevrier-2024\/","title":{"rendered":"Zondag 4 februari 2024 \u2013 TO GO"},"content":{"rendered":"<p><strong>menu:<\/strong><\/p>\n<p>Hartige cr\u00eape met tomme de savoie, gesmolten prei<br \/>\nBurratina en gekonfijte wortelsalade, abrikozenchermoula en ahornsiroop<br \/>\nLinzen-selderijwortelsalade met geroosterde hazelnoten<\/p>\n<p>Zuurdesemwafel en zoete aardappelen<br \/>\nGezouten boter karamel<br \/>\nYoghurt en fruit<br \/>\nBabka van chocolade en hazelnoot<br \/>\nWorteltaart<\/p>\n<p>JOY&#039;S Komboecha<br \/>\nSap<\/p>\n<p>Prijs per persoon: 30 \u20ac<\/p>\n<p>Portie voor jonge kinderen (enkel het zoete gedeelte en een vruchtensap): \u20ac 15\/kind<br \/>\n(verpakking per portie van 2 of 3 personen)<\/p>\n<p>NIEUW: mogelijkheid om een brunch te bestellen met herbruikbare glascontainers (\u20ac 5 statiegeld\/mand voor 2 personen te voorzien en ter plaatse contant te betalen)<\/p>\n<p>Alles is huisgemaakt en met kwaliteitsproducten, veelal van biologische en\/of lokale landbouw<\/p>\n<p><strong>Opname :<\/strong><br \/>\nOverijse (Drogenberg 55A): tussen 9.30 en 11.00 uur<br \/>\nKraainem (Av des Tarins 3A): tussen 10.00 en 10.30 uur<\/p>\n<p><strong>Levering:<\/strong><br \/>\nGratis vanaf 4 personen binnen een straal van 10 km<br \/>\nBezorging binnen een straal van 15 km: 10 euro<\/p>\n<p>Te bestellen v\u00f3\u00f3r vrijdagavond.<\/p>","protected":false},"excerpt":{"rendered":"<p>Menu : Cr\u00eape sal\u00e9e \u00e0 la tomme de savoie, fondu de poireaux Burratina et salade de carottes confites, chermoula aux abricots et sirop d&rsquo;\u00e9rable Salade de lentilles &amp; c\u00e9l\u00e9ri-rave aux noisettes grill\u00e9es Gaufre au levain et patates douces Caramel au beurre sal\u00e9 Yaourt et fruits Babka au chocolat et noisettes Carrot cake JOY&rsquo;S Kombucha jus [&hellip;]<\/p>\n","protected":false},"featured_media":780,"template":"","meta":{"_et_pb_use_builder":"","_et_pb_old_content":"","_et_gb_content_width":""},"product_brand":[],"product_cat":[18],"product_tag":[],"class_list":{"0":"post-2553","1":"product","2":"type-product","3":"status-publish","4":"has-post-thumbnail","6":"product_cat-brunch-to-go","8":"first","9":"instock","10":"taxable","11":"shipping-taxable","12":"purchasable","13":"product-type-variable","14":"has-default-attributes"},"_links":{"self":[{"href":"https:\/\/latabledamelie.be\/nl\/wp-json\/wp\/v2\/product\/2553","targetHints":{"allow":["GET"]}}],"collection":[{"href":"https:\/\/latabledamelie.be\/nl\/wp-json\/wp\/v2\/product"}],"about":[{"href":"https:\/\/latabledamelie.be\/nl\/wp-json\/wp\/v2\/types\/product"}],"wp:featuredmedia":[{"embeddable":true,"href":"https:\/\/latabledamelie.be\/nl\/wp-json\/wp\/v2\/media\/780"}],"wp:attachment":[{"href":"https:\/\/latabledamelie.be\/nl\/wp-json\/wp\/v2\/media?parent=2553"}],"wp:term":[{"taxonomy":"product_brand","embeddable":true,"href":"https:\/\/latabledamelie.be\/nl\/wp-json\/wp\/v2\/product_brand?post=2553"},{"taxonomy":"product_cat","embeddable":true,"href":"https:\/\/latabledamelie.be\/nl\/wp-json\/wp\/v2\/product_cat?post=2553"},{"taxonomy":"product_tag","embeddable":true,"href":"https:\/\/latabledamelie.be\/nl\/wp-json\/wp\/v2\/product_tag?post=2553"}],"curies":[{"name":"wp","href":"https:\/\/api.w.org\/{rel}","templated":true}]}}