{"id":2567,"date":"2024-01-25T22:48:33","date_gmt":"2024-01-25T21:48:33","guid":{"rendered":"https:\/\/latabledamelie.be\/?post_type=product&#038;p=2567"},"modified":"2024-02-22T09:20:08","modified_gmt":"2024-02-22T08:20:08","slug":"dimanche-25-fevrier-2024","status":"publish","type":"product","link":"https:\/\/latabledamelie.be\/nl\/product\/dimanche-25-fevrier-2024\/","title":{"rendered":"Zondag 25 februari 2024 \u2013 TO GO"},"content":{"rendered":"<p><strong>menu:<\/strong><\/p>\n<p>Shakshuka ovenschotel, feta, ei (kookminuut)<br \/>\nBurrata, bloedsinaasappelen, tarwesalade, gegrilde pompoenpitten<br \/>\nLinzen-selderijwortelsalade met geroosterde hazelnoten<br \/>\nQuiche van de dag<\/p>\n<p>Zuurdesemwafels en zoete aardappelen<br \/>\nChocolade- en hazelnootpasta<br \/>\nChocolade- en pecannootkoekjes<br \/>\nFruit salade<br \/>\nYoghurt en muesli<\/p>\n<p>Brood<br \/>\nSap<br \/>\nKomboecha<\/p>\n<p>Prijs per persoon: 30 \u20ac<\/p>\n<p>Portie voor jonge kinderen (enkel het zoete gedeelte en een vruchtensap): \u20ac 15\/kind<br \/>\n(verpakking per portie van 2 of 3 personen)<\/p>\n<p>NIEUW: mogelijkheid om een brunch te bestellen met herbruikbare glascontainers (\u20ac 5 statiegeld\/mand voor 2 personen te voorzien en ter plaatse contant te betalen)<\/p>\n<p>Alles is huisgemaakt en met kwaliteitsproducten, veelal van biologische en\/of lokale landbouw<\/p>\n<p><strong>Opname :<\/strong><br \/>\nOverijse (Drogenberg 55A): tussen 9.30 en 11.00 uur<\/p>\n<p><strong>Levering:<\/strong><br \/>\nGratis vanaf 4 personen binnen een straal van 10 km<br \/>\nBezorging binnen een straal van 15 km: 10 euro<\/p>\n<p>Te bestellen v\u00f3\u00f3r vrijdagavond.<\/p>","protected":false},"excerpt":{"rendered":"<p>Menu : Shakshuka en cocotte, f\u00e9ta, oeuf (\u00e0 cuire minute) Burrata, oranges sanguines, salade de bl\u00e9, graines de courge grill\u00e9es Salade de lentilles &#038; c\u00e9l\u00e9ri-rave aux noisettes grill\u00e9es Quiche du jour Gaufres au levain et patates douces Tartinade de chocolat et noisettes Cookies au chocolat et noix de p\u00e9can Salade de fruits Yaourt et granola [&hellip;]<\/p>\n","protected":false},"featured_media":780,"template":"","meta":{"_et_pb_use_builder":"","_et_pb_old_content":"","_et_gb_content_width":""},"product_brand":[],"product_cat":[18],"product_tag":[],"class_list":{"0":"post-2567","1":"product","2":"type-product","3":"status-publish","4":"has-post-thumbnail","6":"product_cat-brunch-to-go","8":"first","9":"instock","10":"taxable","11":"shipping-taxable","12":"purchasable","13":"product-type-variable","14":"has-default-attributes"},"_links":{"self":[{"href":"https:\/\/latabledamelie.be\/nl\/wp-json\/wp\/v2\/product\/2567","targetHints":{"allow":["GET"]}}],"collection":[{"href":"https:\/\/latabledamelie.be\/nl\/wp-json\/wp\/v2\/product"}],"about":[{"href":"https:\/\/latabledamelie.be\/nl\/wp-json\/wp\/v2\/types\/product"}],"wp:featuredmedia":[{"embeddable":true,"href":"https:\/\/latabledamelie.be\/nl\/wp-json\/wp\/v2\/media\/780"}],"wp:attachment":[{"href":"https:\/\/latabledamelie.be\/nl\/wp-json\/wp\/v2\/media?parent=2567"}],"wp:term":[{"taxonomy":"product_brand","embeddable":true,"href":"https:\/\/latabledamelie.be\/nl\/wp-json\/wp\/v2\/product_brand?post=2567"},{"taxonomy":"product_cat","embeddable":true,"href":"https:\/\/latabledamelie.be\/nl\/wp-json\/wp\/v2\/product_cat?post=2567"},{"taxonomy":"product_tag","embeddable":true,"href":"https:\/\/latabledamelie.be\/nl\/wp-json\/wp\/v2\/product_tag?post=2567"}],"curies":[{"name":"wp","href":"https:\/\/api.w.org\/{rel}","templated":true}]}}