{"id":2574,"date":"2024-01-25T22:52:58","date_gmt":"2024-01-25T21:52:58","guid":{"rendered":"https:\/\/latabledamelie.be\/?post_type=product&#038;p=2574"},"modified":"2024-03-15T21:35:13","modified_gmt":"2024-03-15T20:35:13","slug":"dimanche-17-mars-2024-brunch-chez-fest","status":"publish","type":"product","link":"https:\/\/latabledamelie.be\/nl\/product\/dimanche-17-mars-2024-brunch-chez-fest\/","title":{"rendered":"Zondag 17 maart 2024 \u2013 Brunch bij FEST"},"content":{"rendered":"<p><strong>menu:<\/strong><\/p>\n<p>Verrassing!<\/p>\n<p>Prijs: \u20ac39 per persoon (onbeperkt hartig \u2013 zoet buffet, thee, koffie, sap, glaasje bubbels bij aankomst)<\/p>\n<p>Twee tijdslots: 10.00 \u2013 12.00 uur \/ 12.30 uur \u2013 14.30 uur<\/p>\n<p><strong>Vermeld bij de opmerkingen welke slots u wilt reserveren.<\/strong><\/p>\n<p>Adres: FEST, Hoeilaartsesteenweg 253.<\/p>\n<p>Alles is huisgemaakt en met kwaliteitsproducten, veelal van biologische en\/of lokale landbouw<\/p>","protected":false},"excerpt":{"rendered":"<p>Menu : Surprise! Prix: 39 \u20ac par personne (buffet sal\u00e9 &#8211; sucr\u00e9 \u00e0 volont\u00e9, th\u00e9, caf\u00e9, jus, une coupe de bulles \u00e0 l&rsquo;arriv\u00e9e) Deux cr\u00e9neaux horaires: 10h &#8211; 12h \/ 12h30 &#8211; 14h30 Merci de mentionner en commentaire quel cr\u00e9neaux vous souhaitez r\u00e9server. Adresse: FEST, Hoeilaartsesteenweg 253. Tout est fait maison et avec des produits [&hellip;]<\/p>\n","protected":false},"featured_media":2275,"template":"","meta":{"_et_pb_use_builder":"","_et_pb_old_content":"","_et_gb_content_width":""},"product_brand":[],"product_cat":[18],"product_tag":[],"class_list":{"0":"post-2574","1":"product","2":"type-product","3":"status-publish","4":"has-post-thumbnail","6":"product_cat-brunch-to-go","8":"first","9":"instock","10":"taxable","11":"shipping-taxable","12":"purchasable","13":"product-type-variable"},"_links":{"self":[{"href":"https:\/\/latabledamelie.be\/nl\/wp-json\/wp\/v2\/product\/2574","targetHints":{"allow":["GET"]}}],"collection":[{"href":"https:\/\/latabledamelie.be\/nl\/wp-json\/wp\/v2\/product"}],"about":[{"href":"https:\/\/latabledamelie.be\/nl\/wp-json\/wp\/v2\/types\/product"}],"wp:featuredmedia":[{"embeddable":true,"href":"https:\/\/latabledamelie.be\/nl\/wp-json\/wp\/v2\/media\/2275"}],"wp:attachment":[{"href":"https:\/\/latabledamelie.be\/nl\/wp-json\/wp\/v2\/media?parent=2574"}],"wp:term":[{"taxonomy":"product_brand","embeddable":true,"href":"https:\/\/latabledamelie.be\/nl\/wp-json\/wp\/v2\/product_brand?post=2574"},{"taxonomy":"product_cat","embeddable":true,"href":"https:\/\/latabledamelie.be\/nl\/wp-json\/wp\/v2\/product_cat?post=2574"},{"taxonomy":"product_tag","embeddable":true,"href":"https:\/\/latabledamelie.be\/nl\/wp-json\/wp\/v2\/product_tag?post=2574"}],"curies":[{"name":"wp","href":"https:\/\/api.w.org\/{rel}","templated":true}]}}