{"id":2932,"date":"2024-05-17T12:58:55","date_gmt":"2024-05-17T10:58:55","guid":{"rendered":"https:\/\/latabledamelie.be\/?post_type=product&#038;p=2932"},"modified":"2024-06-07T12:25:07","modified_gmt":"2024-06-07T10:25:07","slug":"dimanche-fete-des-peres-9-juin-2024-a-emporter-copie","status":"publish","type":"product","link":"https:\/\/latabledamelie.be\/nl\/product\/dimanche-fete-des-peres-9-juin-2024-a-emporter-copie\/","title":{"rendered":"Zondag Vaderdag 9 juni 2024 \u2013 Take away"},"content":{"rendered":"<p><strong>menu:<\/strong><\/p>\n<div class=\"\" data-block=\"true\" data-editor=\"119o6\" data-offset-key=\"6729u-0-0\">\n<div class=\"_1mf _1mj\" data-offset-key=\"6729u-0-0\"><span data-offset-key=\"6729u-0-0\">zuurdesem wafel<\/span><\/div>\n<\/div>\n<div class=\"\" data-block=\"true\" data-editor=\"119o6\" data-offset-key=\"75ajl-0-0\">\n<div class=\"_1mf _1mj\" data-offset-key=\"75ajl-0-0\"><span data-offset-key=\"75ajl-0-0\">Slagroom van Madagascar-vanille<\/span><\/div>\n<\/div>\n<div class=\"\" data-block=\"true\" data-editor=\"119o6\" data-offset-key=\"32u39-0-0\">\n<div class=\"_1mf _1mj\" data-offset-key=\"32u39-0-0\"><span data-offset-key=\"32u39-0-0\">Belgische aardbeien<\/span><\/div>\n<\/div>\n<div class=\"\" data-block=\"true\" data-editor=\"119o6\" data-offset-key=\"31q1u-0-0\">\n<div class=\"_1mf _1mj\" data-offset-key=\"31q1u-0-0\"><span data-offset-key=\"31q1u-0-0\">Koekjes van donkere chocolade en pecannoten<\/span><\/div>\n<\/div>\n<div class=\"\" data-block=\"true\" data-editor=\"119o6\" data-offset-key=\"ahlfp-0-0\">\n<div class=\"_1mf _1mj\" data-offset-key=\"ahlfp-0-0\"><span data-offset-key=\"ahlfp-0-0\">Yoghurt en chocoladegranola<\/span><\/div>\n<\/div>\n<div class=\"\" data-block=\"true\" data-editor=\"119o6\" data-offset-key=\"2nclp-0-0\">\n<div class=\"_1mf _1mj\" data-offset-key=\"2nclp-0-0\"><span data-offset-key=\"2nclp-0-0\">\u00a0<\/span><\/div>\n<\/div>\n<div class=\"\" data-block=\"true\" data-editor=\"119o6\" data-offset-key=\"66d9-0-0\">\n<div class=\"_1mf _1mj\" data-offset-key=\"66d9-0-0\"><span data-offset-key=\"66d9-0-0\">Gemarineerde zalm, beluga-linzen, radijs, dille<\/span><\/div>\n<\/div>\n<div class=\"\" data-block=\"true\" data-editor=\"119o6\" data-offset-key=\"c15b7-0-0\">\n<div class=\"_1mf _1mj\" data-offset-key=\"c15b7-0-0\"><span data-offset-key=\"c15b7-0-0\">Shakshuka<\/span><\/div>\n<\/div>\n<div class=\"\" data-block=\"true\" data-editor=\"119o6\" data-offset-key=\"49tk1-0-0\">\n<div class=\"_1mf _1mj\" data-offset-key=\"49tk1-0-0\"><span data-offset-key=\"49tk1-0-0\">Perfect ei<\/span><\/div>\n<\/div>\n<div class=\"\" data-block=\"true\" data-editor=\"119o6\" data-offset-key=\"c4ec6-0-0\">\n<div class=\"_1mf _1mj\" data-offset-key=\"c4ec6-0-0\"><span data-offset-key=\"c4ec6-0-0\">Watermeloenen, feta, munt, kalamata-olijven<\/span><\/div>\n<\/div>\n<div class=\"\" data-block=\"true\" data-editor=\"119o6\" data-offset-key=\"8mid-0-0\">\n<div class=\"_1mf _1mj\" data-offset-key=\"8mid-0-0\"><span data-offset-key=\"8mid-0-0\">Brood<\/span><\/div>\n<\/div>\n<div class=\"\" data-block=\"true\" data-editor=\"119o6\" data-offset-key=\"b0hn4-0-0\">\n<div class=\"_1mf _1mj\" data-offset-key=\"b0hn4-0-0\"><span data-offset-key=\"b0hn4-0-0\">\u00a0<\/span><\/div>\n<\/div>\n<div class=\"\" data-block=\"true\" data-editor=\"119o6\" data-offset-key=\"bprmo-0-0\">\n<div class=\"_1mf _1mj\" data-offset-key=\"bprmo-0-0\"><span data-offset-key=\"bprmo-0-0\">Komboecha<\/span><\/div>\n<\/div>\n<div class=\"\" data-block=\"true\" data-editor=\"119o6\" data-offset-key=\"dg237-0-0\">\n<div class=\"_1mf _1mj\" data-offset-key=\"dg237-0-0\"><span data-offset-key=\"dg237-0-0\">Huisgemaakte sinaasappelade<\/span><\/div>\n<\/div>\n<div class=\"\" data-block=\"true\" data-editor=\"1t994\" data-offset-key=\"5ogql-0-0\">\n<div class=\"_1mf _1mj\" data-offset-key=\"5ogql-0-0\"><\/div>\n<\/div>\n<p>Prijs per persoon: 30 \u20ac<\/p>\n<p>Portie voor jonge kinderen (enkel het zoete gedeelte en een vruchtensap): \u20ac 15\/kind<br \/>\n(verpakking per portie van 2 of 3 personen)<\/p>\n<p>Alles is huisgemaakt en met kwaliteitsproducten, veelal van biologische en\/of lokale landbouw<\/p>\n<p><strong>Opname :<\/strong><br \/>\nDrogenberg 55A, 3090 Overijse: tussen 9.00 en 10.00 uur<\/p>\n<p>Te bestellen v\u00f3\u00f3r vrijdagavond.<\/p>","protected":false},"excerpt":{"rendered":"<p>Menu : Gaufre au levain Chantille \u00e0 la vanille de madagascar Fraises belges Cookies chocolat noir et noix de p\u00e9can Yaourt et granola au chocolat \u00a0 Saumon marin\u00e9, lentilles beluga, radis, aneth Shakshuka Oeuf parfait Past\u00e8ques, f\u00e9ta, menthe, olives kalamata Pain \u00a0 Kombucha Orangeade maison Prix par personne: 30 \u20ac Portion jeunes enfants (uniquement la [&hellip;]<\/p>\n","protected":false},"featured_media":780,"template":"","meta":{"_et_pb_use_builder":"","_et_pb_old_content":"","_et_gb_content_width":""},"product_brand":[],"product_cat":[18],"product_tag":[],"class_list":{"0":"post-2932","1":"product","2":"type-product","3":"status-publish","4":"has-post-thumbnail","6":"product_cat-brunch-to-go","8":"first","9":"outofstock","10":"taxable","11":"shipping-taxable","12":"purchasable","13":"product-type-variable","14":"has-default-attributes"},"_links":{"self":[{"href":"https:\/\/latabledamelie.be\/nl\/wp-json\/wp\/v2\/product\/2932","targetHints":{"allow":["GET"]}}],"collection":[{"href":"https:\/\/latabledamelie.be\/nl\/wp-json\/wp\/v2\/product"}],"about":[{"href":"https:\/\/latabledamelie.be\/nl\/wp-json\/wp\/v2\/types\/product"}],"wp:featuredmedia":[{"embeddable":true,"href":"https:\/\/latabledamelie.be\/nl\/wp-json\/wp\/v2\/media\/780"}],"wp:attachment":[{"href":"https:\/\/latabledamelie.be\/nl\/wp-json\/wp\/v2\/media?parent=2932"}],"wp:term":[{"taxonomy":"product_brand","embeddable":true,"href":"https:\/\/latabledamelie.be\/nl\/wp-json\/wp\/v2\/product_brand?post=2932"},{"taxonomy":"product_cat","embeddable":true,"href":"https:\/\/latabledamelie.be\/nl\/wp-json\/wp\/v2\/product_cat?post=2932"},{"taxonomy":"product_tag","embeddable":true,"href":"https:\/\/latabledamelie.be\/nl\/wp-json\/wp\/v2\/product_tag?post=2932"}],"curies":[{"name":"wp","href":"https:\/\/api.w.org\/{rel}","templated":true}]}}