{"id":764,"date":"2022-03-09T21:24:53","date_gmt":"2022-03-09T20:24:53","guid":{"rendered":"https:\/\/latabledamelie.be\/?post_type=product&#038;p=764"},"modified":"2025-06-14T19:41:08","modified_gmt":"2025-06-14T17:41:08","slug":"summer-vibes","status":"publish","type":"product","link":"https:\/\/latabledamelie.be\/nl\/product\/summer-vibes\/","title":{"rendered":"Summer Vibes"},"content":{"rendered":"<h5>Mango \u2013Tumeric<\/h5>\n<p>Een perfecte kombucha voor een goede kleine immuniteitsboost. Romig en licht kruidig dankzij pure kurkuma, een wonder als je uit bed komt!<\/p>","protected":false},"excerpt":{"rendered":"<p>Mango \u2013 Kurkuma Een perfecte kombucha voor een leuke kleine immuniteitsboost. Romig en licht kruidig dankzij pure kurkuma, een wonder bij het opstaan!<\/p>","protected":false},"featured_media":762,"template":"","meta":{"_et_pb_use_builder":"off","_et_pb_old_content":"<h5>Mango - tumeric<\/h5>\r\nUn kombucha parfait pour un bon petit boost d\u2019immunit\u00e9. Onctueux et l\u00e9g\u00e8rement relev\u00e9 gr\u00e2ce au curcuma pur, une merveille au lever du lit!","_et_gb_content_width":""},"product_brand":[],"product_cat":[17],"product_tag":[],"class_list":{"0":"post-764","1":"product","2":"type-product","3":"status-publish","4":"has-post-thumbnail","6":"product_cat-joys-kombucha","8":"first","9":"outofstock","10":"taxable","11":"shipping-taxable","12":"purchasable","13":"product-type-variable"},"_links":{"self":[{"href":"https:\/\/latabledamelie.be\/nl\/wp-json\/wp\/v2\/product\/764","targetHints":{"allow":["GET"]}}],"collection":[{"href":"https:\/\/latabledamelie.be\/nl\/wp-json\/wp\/v2\/product"}],"about":[{"href":"https:\/\/latabledamelie.be\/nl\/wp-json\/wp\/v2\/types\/product"}],"wp:featuredmedia":[{"embeddable":true,"href":"https:\/\/latabledamelie.be\/nl\/wp-json\/wp\/v2\/media\/762"}],"wp:attachment":[{"href":"https:\/\/latabledamelie.be\/nl\/wp-json\/wp\/v2\/media?parent=764"}],"wp:term":[{"taxonomy":"product_brand","embeddable":true,"href":"https:\/\/latabledamelie.be\/nl\/wp-json\/wp\/v2\/product_brand?post=764"},{"taxonomy":"product_cat","embeddable":true,"href":"https:\/\/latabledamelie.be\/nl\/wp-json\/wp\/v2\/product_cat?post=764"},{"taxonomy":"product_tag","embeddable":true,"href":"https:\/\/latabledamelie.be\/nl\/wp-json\/wp\/v2\/product_tag?post=764"}],"curies":[{"name":"wp","href":"https:\/\/api.w.org\/{rel}","templated":true}]}}